{"id":561,"date":"2023-05-23T07:34:03","date_gmt":"2023-05-23T07:34:03","guid":{"rendered":"https:\/\/retols.h2ocomunicacio.com\/?page_id=561"},"modified":"2024-08-29T11:45:12","modified_gmt":"2024-08-29T11:45:12","slug":"avis-legal","status":"publish","type":"page","link":"https:\/\/retolsdomensl.com\/ca\/avis-legal\/","title":{"rendered":"Av\u00eds legal"},"content":{"rendered":"<blockquote>\n<h1><strong>AV\u00cdS LEGAL<\/strong><\/h1>\n<\/blockquote>\n<p>&nbsp;<\/p>\n<p>En compliment de la Llei 34\/2002, amb la darrera actualitzaci\u00f3, 09\/05\/2023, de serveis de la societat de la informaci\u00f3 i de comer\u00e7 electr\u00f2nic, <strong>R\u00c8TOLS DOMEN, SL,<\/strong> l\u2019informa que \u00e9s titular del lloc web: <strong>https:\/\/retolsdomensl.com\/. <\/strong>D\u2019acord amb l\u2019exig\u00e8ncia de l\u2019article 10 de l\u2019esmentada Llei, notifica les dades seg\u00fcents: CIF\/NIF: <strong>B61096160<\/strong> i inscrita al Registre Mercantil de <strong>BARCELONA,<\/strong> Domicili Social: <strong>C\/ G\u00c8NERE DE PUNT 8 1-2 -P.I. MATA ROCAFONDA-. 08304,<\/strong> <strong>MATAR\u00d3<\/strong> <strong>(BARCELONA)<\/strong>. L\u2019adre\u00e7a de correu electr\u00f2nic de contacte amb l\u2019empresa \u00e9s: <u>administracio@retolsdomensl.com<\/u>.<\/p>\n<ol>\n<li><strong><u>USUARI I R\u00c8GIM DE RESPONSABILITATS<\/u><\/strong><\/li>\n<\/ol>\n<p>&nbsp;<\/p>\n<p>La navegaci\u00f3 per acc\u00e9s i \u00fas de la p\u00e0gina web i tots els subdominis i directoris inclosos sota la el mateix domini, aix\u00ed com els serveis o continguts que a trav\u00e9s d&#8217;ell es puguin obtenir i tots els portals de domini propi sota titularitat de <strong>R\u00c8TOLS DOMEN, SL<\/strong>, atorga la condici\u00f3 d&#8217;<strong>Usuari<\/strong>, per la que s&#8217;accepten, en navegar pel web de <strong>R\u00c8TOLS DOMEN, SL<\/strong>, totes les condicions d&#8217;\u00fas que s&#8217;estableixen aqu\u00ed sense perjudicar l&#8217;aplicaci\u00f3 de la corresponent normativa d&#8217;obligat compliment legal segons el cas.<\/p>\n<p>Per aix\u00f2, si les consideracions detallades en aquest Av\u00eds Legal no s\u00f3n de la seva conformitat, preguem no faci \u00fas del Portal, ja que qualsevol \u00fas que faci del mateix o dels serveis i continguts en ell inclosos implicar\u00e0 l&#8217;acceptaci\u00f3 dels termes legals recollits en aquest text.<\/p>\n<p>La p\u00e0gina web de <strong>R\u00c8TOLS DOMEN, SL<\/strong> proporciona gran diversitat d\u2019informaci\u00f3, serveis i dades. L\u2019<strong>Usuari<\/strong> assumeix la seva responsabilitat en l\u2019\u00fas correcte dels llocs web. Aquesta responsabilitat s\u2019estendr\u00e0 a: La veracitat i licitud de les informacions aportades per l\u2019<strong>Usuari<\/strong> als formularis de registre i contacte de<strong> R\u00c8TOLS DOMEN, SL<\/strong> per accedir a determinats continguts o serveis oferts per la web.<\/p>\n<p>L\u2019\u00fas de la informaci\u00f3, serveis i dades oferts per\u00a0<strong>R\u00c8TOLS DOMEN, SL, <\/strong>no aniran contra les disposicions d\u2019aquestes cl\u00e0usules, la Llei, la moral, els bons costums o l\u2019ordre p\u00fablic que puguin suposar lesi\u00f3 dels drets de tercers o del funcionament dels llocs web.<\/p>\n<p>A aquest efecte, l&#8217;<strong>Usuari<\/strong> s&#8217;abstindr\u00e0 d&#8217;utilitzar qualsevol dels continguts amb finalitats il\u00b7l\u00edcites i prohibides en aquest text, lesives amb els drets i interessos de tercers, o que de qualsevol forma puguin malmetre, inutilitzar, sobrecarregar, deteriorar o impedir la normal utilitzaci\u00f3 dels continguts per part d\u2019altres <strong>Usuaris<\/strong> o de qualsevol <strong>Usuari<\/strong> d&#8217;Internet (hardware y software).<\/p>\n<p>Els <strong>Usuari<\/strong>s respondran dels danys i perjudicis de tota naturalesa que l&#8217;entitat propiet\u00e0ria de la web pugui patir, directament o indirectament, com a conseq\u00fc\u00e8ncia d&#8217;incompliment de qualsevol de les obligacions derivades de l&#8217;\u00fas de la Web i d&#8217;aquesta pol\u00edtica de privacitat.<\/p>\n<p>En particular, i a t\u00edtol merament indicatiu i no exhaustiu, l&#8217;<strong>Usuari<\/strong> es compromet a no transmetre, difondre o posar a disposici\u00f3 de tercers informacions, dades, continguts, missatges, gr\u00e0fics, dibuixos, arxius de so i \/ o imatge, fotografies d\u2019aquest web.<\/p>\n<p>&nbsp;<\/p>\n<ol>\n<li><strong><u>POL\u00cdTICA D\u2019ENLLA\u00c7OS I EXEMPCIONS DE RESPONSABILITAT<\/u><\/strong><\/li>\n<\/ol>\n<p><strong>R\u00c8TOLS DOMEN, SL<\/strong> no es fa responsable del contingut de les p\u00e0gines web a les quals pugui accedir l\u2019<strong>Usuari<\/strong> a trav\u00e9s dels enlla\u00e7os establerts als seus llocs web i declara que en cap cas examinar\u00e0 ni exercir\u00e0 cap tipus de control sobre el contingut d\u2019altres p\u00e0gines de la xarxa.<\/p>\n<p>Aix\u00ed mateix, tampoc garanteix la disponibilitat t\u00e8cnica, exactitud, veracitat, validesa o legalitat de p\u00e0gines alienes a la seva propietat a les qual es pugui accedir a trav\u00e9s dels enlla\u00e7os d\u2019aquest web.<\/p>\n<p><strong>R\u00c8TOLS DOMEN, SL,<\/strong> declara que ha adoptat totes les mesures necess\u00e0ries per evitar qualsevol dany que pugui derivar-se de la navegaci\u00f3 per les seves p\u00e0gines web. En conseq\u00fc\u00e8ncia,<strong> R\u00c8TOLS DOMEN, SL,<\/strong> no es fa responsable, en cap cas, dels eventuals danys que pugui patir l\u2019<strong>Usuari<\/strong> a causa de la navegaci\u00f3 per Internet.<\/p>\n<p><strong>R\u00c8TOLS DOMEN, SL,<\/strong> no es responsabilitza dels danys o perjudicis de qualsevol tipus produ\u00efts en l&#8217;<strong>Usuari<\/strong> que portin causa d&#8217;errors o desconnexions a les xarxes de telecomunicacions que produeixin la suspensi\u00f3, cancel\u00b7laci\u00f3 o interrupci\u00f3 del servei de la web durant la prestaci\u00f3 del mateix o amb car\u00e0cter previ.<\/p>\n<p>L&#8217;acc\u00e9s al web <strong>https:\/\/retolsdomensl.com\/<\/strong> no implica l&#8217;obligaci\u00f3 per part de l&#8217;entitat de controlar l&#8217;abs\u00e8ncia de virus o qualsevol altre element inform\u00e0tic malici\u00f3s. Correspon a l&#8217;<strong>Usuari<\/strong>, en qualsevol cas, la disponibilitat d&#8217;eines adequades per a la detecci\u00f3, desinfecci\u00f3 i protecci\u00f3 contra programes inform\u00e0tics nocius.<\/p>\n<p><strong>R\u00c8TOLS DOMEN, SL<\/strong><strong>,<\/strong> no es responsabilitza dels danys produ\u00efts en els equips inform\u00e0tics, documents i\/o fitxers dels <strong>Usuaris<\/strong> o de tercers durant la prestaci\u00f3 del servei en aquest el portal web.<\/p>\n<p>&nbsp;<\/p>\n<ol start=\"2\">\n<li><strong><u>PUBLICITAT<\/u><\/strong><\/li>\n<\/ol>\n<p>El Web <strong>https:\/\/retolsdomensl.com\/<\/strong> podr\u00e0 allotjar continguts publicitaris o patrocinats. Els anunciants o patrocinadors s\u00f3n els \u00fanics responsables d&#8217;assegurar que el material rem\u00e8s per a la seva inclusi\u00f3 a la Web compleix amb les lleis que en cada cas puguin ser d&#8217;aplicaci\u00f3.<\/p>\n<p><strong>R\u00c8TOLS DOMEN, SL<\/strong>, no ser\u00e0 responsable de qualsevol error, inexactitud o irregularitat que puguin contenir els continguts publicitaris o dels patrocinadors d\u2019aquesta p\u00e0gina web.<\/p>\n<p>&nbsp;<\/p>\n<ol start=\"3\">\n<li><strong><u>MODIFICACIONS<\/u><\/strong><\/li>\n<\/ol>\n<p><strong>R\u00c8TOLS DOMEN, SL,<\/strong> es reserva el dret a realitzar les modificacions que consideri oportunes, sense av\u00eds previ, en el contingut dels seus llocs web, tant pel que fa als continguts com per les seves condicions d\u2019\u00fas o per les condicions generals de contractaci\u00f3. Aquestes modificacions podran realitzar-se, a trav\u00e9s dels seus llocs web, de qualsevol forma admissible en dret i seran d\u2019obligat compliment durant el temps que estiguin publicades al web i fins que no siguin modificades per d\u2019altres de posteriors.<\/p>\n<p>&nbsp;<\/p>\n<p>&nbsp;<\/p>\n<ol start=\"4\">\n<li><strong><u>PROPIETAT INTEL\u00b7LECTUAL<\/u><\/strong><\/li>\n<\/ol>\n<p>Els drets de propietat intel\u00b7lectual i industrial derivats de tots els textos, imatges, com tamb\u00e9 dels mitjans i formes de presentaci\u00f3 i muntatge de les seves p\u00e0gines pertanyen, per si mateixos o com a cession\u00e0ria a <strong>R\u00c8TOLS DOMEN, SL.<\/strong> Seran, per tant, obres protegides com a propietat intel\u00b7lectual per l\u2019ordenament jur\u00eddic espanyol i se\u2019ls hi podr\u00e0 aplicar tant la normativa espanyola i comunit\u00e0ria en aquest \u00e0mbit, com els tractats internacionals relatius a la mat\u00e8ria i subscrits per Espanya: Reial Decreto Legislatiu 1\/1996, darrera actualitzaci\u00f3 30\/03\/2023; Directiva-UE-2019\/790 del Parlament Europeu i del Consell, de 17 d\u2019abril de 2019, sobre els drets d\u2019autor i drets afins en el mercat \u00fanic digital.<\/p>\n<p>Tots els drets reservats. En compliment de la Llei de la Propietat Intel\u00b7lectual es prohibeix expressament la reproducci\u00f3, distribuci\u00f3, comunicaci\u00f3 p\u00fablica i utilitzaci\u00f3 de la totalitat o part dels continguts de les seves p\u00e0gines web sense el consentiment expl\u00edcit de\u00a0<strong>R\u00c8TOLS DOMEN, SL.<\/strong><\/p>\n<p>Aix\u00ed mateix, <strong>R\u00c8TOLS DOMEN, SL<\/strong> es reserva la facultat de presentar les accions civils o penals que consideri oportunes per la utilitzaci\u00f3 indeguda de les seves p\u00e0gines web i continguts o per l\u2019incompliment d\u2019aquestes condicions.<\/p>\n<ol start=\"5\">\n<li><strong><u>ACCIONS LEGAL, LEGISLACI\u00d3 APLICABLE I JURISDICCI\u00d3<\/u><\/strong><\/li>\n<\/ol>\n<p>La relaci\u00f3 entre l\u2019usuari i\u00a0<strong>R\u00c8TOLS DOMEN, SL,<\/strong> es regir\u00e0 per la normativa espanyola vigent. Seran competents per decidir sobre qualsevol controv\u00e8rsia que pugui sorgir entre l\u2019usuari i <strong>R\u00c8TOLS DOMEN, SL<\/strong>, els jutjats o tribunals del Partit Judicial de la localitat de <strong>MATAR\u00d3.<\/strong><\/p>\n<ol start=\"6\">\n<li><strong><u>RESERVA DE COOKIES<\/u><\/strong><\/li>\n<\/ol>\n<p><strong>R\u00c8TOLS DOMEN, SL<\/strong> utilitza cookies i altres tecnologies similars que emmagatzemen i recuperen informaci\u00f3 mentre navegues. Aquestes tecnologies poden tenir diverses finalitats, com recon\u00e8ixer un usuari i obtenir informaci\u00f3 dels seus h\u00e0bits de navegaci\u00f3. Els usos concrets que en fem d\u2019aquestes tecnologies es descriuen a la informaci\u00f3 que recull la Pol\u00edtica de Cookies. Seguint la pol\u00edtica de protecci\u00f3 de dades de l\u2019entitat, <strong>R\u00c8TOLS DOMEN, SL<\/strong> informa que les cookies s\u2019associen a l\u2019usuari an\u00f2nim i al seu ordinador, i no proporcionen per s\u00ed mateixes dades personals de l\u2019usuari.<\/p>\n<p>La informaci\u00f3 de la nostra \u2018Pol\u00edtica de Cookies\u2019 informa l\u2019usuari del temps que aquestes \u00a0\u00a0cookies romandran actives al seu terminal i de la possibilitat de qu\u00e8 tercers puguin accedir a la informaci\u00f3 que aquestes emmagatzemen. Per aix\u00f2 es va modificar l\u2019article 5, apartat 3, de la Directiva 2002\/58 per la Directiva 2009\/136, i ara per la Guia de l\u2019AEPD.<\/p>\n<p>La darrera Guia sobre l\u2019\u00fas de cookies de l\u2019AEPD, de juliol de 2023, que incorpora el criteri del Comit\u00e8 Europeu en Protecci\u00f3 de Dades (CEPD), recull que les accions d\u2019acceptar o rebutjar les cookies han d\u2019estar al mateix nivell, sense que cap opci\u00f3 sigui m\u00e9s complicada que l\u2019altra. En aquest sentit, l\u2019usuari ha de poder acceptar o rebutjar de forma expl\u00edcita l\u2019\u00fas de les cookies i rebre m\u00e9s informaci\u00f3 sobre les mateixes. Addicionalment, l\u2019Usuari t\u00e9 la possibilitat de configurar el seu navegador perqu\u00e8 l\u2019informi de la recepci\u00f3 de cookies, podent, si aix\u00ed ho vol, impedir-ne la instal\u00b7laci\u00f3 al seu disc dur.<\/p>\n<ol start=\"7\">\n<li><strong><u>POL\u00cdTICA DE PRIVACITAT<\/u><\/strong><\/li>\n<\/ol>\n<p>De conformitat amb el que estableix l\u2019RGPD-UE-2016\/679; l\u2019LOPD 3\/2018, de Garantia dels Drets Digitals; la Llei 34\/2002, amb la darrera actualitzaci\u00f3, 09\/05\/2023, de Serveis de la Societat de la Informaci\u00f3 i el Comer\u00e7 Electr\u00f2nic; i la Llei 11\/2022, General de Telecomunicacions, <strong>R\u00c8TOLS DOMEN, SL<\/strong> informa els usuaris dels seus llocs web que estem obligats a guardar secret professional sobre les dades personals que l\u2019entitat reculli mitjan\u00e7ant els formularis de registre o contacte de les seves p\u00e0gines. Aquesta obligaci\u00f3 es mantindr\u00e0 fins i tot despr\u00e9s d&#8217;haver finalitzat la nostra relaci\u00f3 comercial o contractual i en cap cas podrem fer p\u00fabliques les dades personals dels visitants i clients a la web sense el seu consentiment.<\/p>\n<p><strong>Consentiment del menor:<\/strong> Segons els articles 6.1.f i 8.1, de l\u2019RGPD-UE-2016\/679, i de l\u2019article 84 (protecci\u00f3 dels menors a Internet) de l\u2019LOPD-3\/2018, de Garantia dels Drets Digitals, quan l\u2019interessat sigui un menor de 16 anys no podr\u00e0 donar el seu consentiment per a qu\u00e8 un comer\u00e7 online reculli les seves dades personals. Aquest tipus de tractament nom\u00e9s es considerar\u00e0 l\u00edcit si el consentiment el d\u00f3na o ho autoritza el titular o titulars de la p\u00e0tria potestat o tutela del menor. En aquest sentit, el comer\u00e7 ha de disposar dels mitjans per a obtenir el consentiment expl\u00edcit dels pares o tutors, per exemple, mitjan\u00e7ant un missatge de correu electr\u00f2nic adre\u00e7at a algun d\u2019ells que contingui un enlla\u00e7 a un formulari electr\u00f2nic, llevat que el menor hagi fet ja els 16 anys, que s\u00ed seria l\u00edcit el seu consentiment.<\/p>\n<p><strong>Consentiment de l\u2019interessat:<\/strong> D\u2019acord amb el que estableix la Llei 34\/2002, de Serveis de la Societat de la Informaci\u00f3 i el Comer\u00e7 Electr\u00f2nic en el seu article 21, i el Reglament General de Protecci\u00f3 de Dades UE-2016\/679, articles 5, 6, 7 i 13, demanem el seu consentiment per poder realitzar les comunicacions publicit\u00e0ries o informatives sobre la nostra entitat que considerem puguin ser del seu inter\u00e8s, per correu electr\u00f2nic o per qualsevol altre mitj\u00e0 de comunicaci\u00f3 electr\u00f2nica equivalent. Aquest consentiment l\u2019atorgar\u00e0 o no amb l\u2019acceptaci\u00f3 de la Pol\u00edtica de Privacitat en l\u2019esmentat <strong>check box<\/strong> al peu del formulari de registre i\/o de contacte.<\/p>\n<p>Aquestes dades seran introdu\u00efdes en un fitxer automatitzat sota la responsabilitat de l\u2019administrador de la web de\u00a0<strong>R\u00c8TOLS DOMEN, SL<\/strong>, amb la finalitat de poder facilitar, agilitzar i complir els compromisos establerts entre ambdues parts. Aix\u00ed mateix,\u00a0<strong>R\u00c8TOLS DOMEN, SL<\/strong>, informa de la possibilitat d\u2019exercir els drets <strong>d\u2019acc\u00e9s<\/strong>, que permet a l&#8217;usuari web con\u00e8ixer quines dades personals t\u00e9 l&#8217;administrador d&#8217;aquesta p\u00e0gina i obtenir una resposta en un termini de 30 dies, sempre que en conservi les dades personals; <strong>rectificaci\u00f3<\/strong>, que permet corregir errors en les dades personals, modificar-ne les dades que siguin inexactes o incompletes i garantir la certesa de la informaci\u00f3; <strong>oposici\u00f3,<\/strong> que podr\u00e0 sol\u00b7licitar i aconseguir que no es dugui a terme el tractament de dades; <strong>supressi\u00f3,<\/strong> que permet que se suprimeixin les dades inadequades o excessives; <strong>limitaci\u00f3<\/strong>, pel qual pot sol\u00b7licitar que es limiti el tractament de les seves dades quan hagi exercit el seu dret a la rectificaci\u00f3 de les seves dades personals; i <strong>portabilitat<\/strong>, perqu\u00e8 l&#8217;usuari pugui obtenir una c\u00f2pia de les dades personals que hagi facilitat a la web a fi de poder transmetre-les a altres serveis. Aquests drets es podran exercir per qualsevol mitj\u00e0 que deixi const\u00e0ncia del seu enviament i de la seva recepci\u00f3 a l\u2019adre\u00e7a de l\u2019administrador de la p\u00e0gina o al correu electr\u00f2nic <u>administracio@retolsdomensl.com<\/u>, aportant fotoc\u00f2pia del DNI o documentaci\u00f3 alternativa que n\u2019acrediti la identitat. L\u2019interessat t\u00e9 el dret de presentar reclamacions davant l\u2019Autoritat de Control, AEPD, ACPD i AVPD.<\/p>\n<p>L&#8217;enviament de les seves dades mitjan\u00e7ant el\/els formulari\/s de la nostra web, estar\u00e0 supeditat obligat\u00f2riament al fet que hagi llegit\/acceptat la Pol\u00edtica de Privacitat, mitjan\u00e7ant un check box obligatori a peu del formulari de registre o de contacte.<\/p>\n<p>&nbsp;<\/p>\n<p>Aquestes cl\u00e0usules han estat elaborades per <a href=\"http:\/\/www.grupoqualia.net\/es\/inicio\"><strong>GRUP QUALIA<\/strong><\/a>, motiu pel qual se li atorga un certificat en format d\u2019imatge digital perqu\u00e8 el pugui exposar al seu lloc web.<\/p>\n<p>&nbsp;<\/p>\n<p><strong><u>Actualitzada:<\/u><\/strong> <strong>08\/01\/2024<\/strong><\/p>\n","protected":false},"excerpt":{"rendered":"<p>AV\u00cdS LEGAL &nbsp; En compliment de la Llei 34\/2002, amb la darrera actualitzaci\u00f3, 09\/05\/2023, de serveis de la societat de la informaci\u00f3 i de comer\u00e7 electr\u00f2nic, R\u00c8TOLS DOMEN, SL, l\u2019informa que \u00e9s titular del lloc web: https:\/\/retolsdomensl.com\/. D\u2019acord amb l\u2019exig\u00e8ncia de l\u2019article 10 de l\u2019esmentada Llei, notifica les dades seg\u00fcents: CIF\/NIF: B61096160 i inscrita al [&hellip;]<\/p>\n","protected":false},"author":2,"featured_media":0,"parent":0,"menu_order":0,"comment_status":"closed","ping_status":"closed","template":"","meta":{"footnotes":""},"class_list":["post-561","page","type-page","status-publish","hentry"],"yoast_head":"<!-- This site is optimized with the Yoast SEO plugin v27.4 - https:\/\/yoast.com\/product\/yoast-seo-wordpress\/ -->\n<title>Av\u00eds legal - R\u00e8tols Domen<\/title>\n<meta name=\"robots\" content=\"index, follow, max-snippet:-1, max-image-preview:large, max-video-preview:-1\" \/>\n<link rel=\"canonical\" href=\"https:\/\/retolsdomensl.com\/ca\/avis-legal\/\" \/>\n<meta property=\"og:locale\" content=\"ca_ES\" \/>\n<meta property=\"og:type\" content=\"article\" \/>\n<meta property=\"og:title\" content=\"Av\u00eds legal - R\u00e8tols Domen\" \/>\n<meta property=\"og:description\" content=\"AV\u00cdS LEGAL &nbsp; En compliment de la Llei 34\/2002, amb la darrera actualitzaci\u00f3, 09\/05\/2023, de serveis de la societat de la informaci\u00f3 i de comer\u00e7 electr\u00f2nic, R\u00c8TOLS DOMEN, SL, l\u2019informa que \u00e9s titular del lloc web: https:\/\/retolsdomensl.com\/. D\u2019acord amb l\u2019exig\u00e8ncia de l\u2019article 10 de l\u2019esmentada Llei, notifica les dades seg\u00fcents: CIF\/NIF: B61096160 i inscrita al [&hellip;]\" \/>\n<meta property=\"og:url\" content=\"https:\/\/retolsdomensl.com\/ca\/avis-legal\/\" \/>\n<meta property=\"og:site_name\" content=\"R\u00e8tols Domen\" \/>\n<meta property=\"article:modified_time\" content=\"2024-08-29T11:45:12+00:00\" \/>\n<meta name=\"twitter:card\" content=\"summary_large_image\" \/>\n<meta name=\"twitter:label1\" content=\"Temps estimat de lectura\" \/>\n\t<meta name=\"twitter:data1\" content=\"10 minuts\" \/>\n<script type=\"application\/ld+json\" class=\"yoast-schema-graph\">{\"@context\":\"https:\\\/\\\/schema.org\",\"@graph\":[{\"@type\":\"WebPage\",\"@id\":\"https:\\\/\\\/retolsdomensl.com\\\/ca\\\/avis-legal\\\/\",\"url\":\"https:\\\/\\\/retolsdomensl.com\\\/ca\\\/avis-legal\\\/\",\"name\":\"Av\u00eds legal - R\u00e8tols Domen\",\"isPartOf\":{\"@id\":\"https:\\\/\\\/retolsdomensl.com\\\/ca\\\/#website\"},\"datePublished\":\"2023-05-23T07:34:03+00:00\",\"dateModified\":\"2024-08-29T11:45:12+00:00\",\"breadcrumb\":{\"@id\":\"https:\\\/\\\/retolsdomensl.com\\\/ca\\\/avis-legal\\\/#breadcrumb\"},\"inLanguage\":\"ca\",\"potentialAction\":[{\"@type\":\"ReadAction\",\"target\":[\"https:\\\/\\\/retolsdomensl.com\\\/ca\\\/avis-legal\\\/\"]}]},{\"@type\":\"BreadcrumbList\",\"@id\":\"https:\\\/\\\/retolsdomensl.com\\\/ca\\\/avis-legal\\\/#breadcrumb\",\"itemListElement\":[{\"@type\":\"ListItem\",\"position\":1,\"name\":\"Portada\",\"item\":\"https:\\\/\\\/retolsdomensl.com\\\/ca\\\/home\\\/\"},{\"@type\":\"ListItem\",\"position\":2,\"name\":\"Av\u00eds legal\"}]},{\"@type\":\"WebSite\",\"@id\":\"https:\\\/\\\/retolsdomensl.com\\\/ca\\\/#website\",\"url\":\"https:\\\/\\\/retolsdomensl.com\\\/ca\\\/\",\"name\":\"R\u00e8tols Domen\",\"description\":\"R\u00f3tulos, vinilos, veh\u00edculos, lonas,, elementos publicitarios, equipamiento comercial, l\u00e1minas de control solar para edificios.\",\"publisher\":{\"@id\":\"https:\\\/\\\/retolsdomensl.com\\\/ca\\\/#organization\"},\"potentialAction\":[{\"@type\":\"SearchAction\",\"target\":{\"@type\":\"EntryPoint\",\"urlTemplate\":\"https:\\\/\\\/retolsdomensl.com\\\/ca\\\/?s={search_term_string}\"},\"query-input\":{\"@type\":\"PropertyValueSpecification\",\"valueRequired\":true,\"valueName\":\"search_term_string\"}}],\"inLanguage\":\"ca\"},{\"@type\":\"Organization\",\"@id\":\"https:\\\/\\\/retolsdomensl.com\\\/ca\\\/#organization\",\"name\":\"R\u00e8tols Domen\",\"url\":\"https:\\\/\\\/retolsdomensl.com\\\/ca\\\/\",\"logo\":{\"@type\":\"ImageObject\",\"inLanguage\":\"ca\",\"@id\":\"https:\\\/\\\/retolsdomensl.com\\\/ca\\\/#\\\/schema\\\/logo\\\/image\\\/\",\"url\":\"https:\\\/\\\/retolsdomensl.com\\\/wp-content\\\/uploads\\\/2023\\\/05\\\/logo-retols-domen-footer.png\",\"contentUrl\":\"https:\\\/\\\/retolsdomensl.com\\\/wp-content\\\/uploads\\\/2023\\\/05\\\/logo-retols-domen-footer.png\",\"width\":1250,\"height\":206,\"caption\":\"R\u00e8tols Domen\"},\"image\":{\"@id\":\"https:\\\/\\\/retolsdomensl.com\\\/ca\\\/#\\\/schema\\\/logo\\\/image\\\/\"},\"sameAs\":[\"https:\\\/\\\/retolsdomensl.com\\\/img\\\/instagram-tanto-tiento.png\"]}]}<\/script>\n<!-- \/ Yoast SEO plugin. -->","yoast_head_json":{"title":"Av\u00eds legal - R\u00e8tols Domen","robots":{"index":"index","follow":"follow","max-snippet":"max-snippet:-1","max-image-preview":"max-image-preview:large","max-video-preview":"max-video-preview:-1"},"canonical":"https:\/\/retolsdomensl.com\/ca\/avis-legal\/","og_locale":"ca_ES","og_type":"article","og_title":"Av\u00eds legal - R\u00e8tols Domen","og_description":"AV\u00cdS LEGAL &nbsp; En compliment de la Llei 34\/2002, amb la darrera actualitzaci\u00f3, 09\/05\/2023, de serveis de la societat de la informaci\u00f3 i de comer\u00e7 electr\u00f2nic, R\u00c8TOLS DOMEN, SL, l\u2019informa que \u00e9s titular del lloc web: https:\/\/retolsdomensl.com\/. D\u2019acord amb l\u2019exig\u00e8ncia de l\u2019article 10 de l\u2019esmentada Llei, notifica les dades seg\u00fcents: CIF\/NIF: B61096160 i inscrita al [&hellip;]","og_url":"https:\/\/retolsdomensl.com\/ca\/avis-legal\/","og_site_name":"R\u00e8tols Domen","article_modified_time":"2024-08-29T11:45:12+00:00","twitter_card":"summary_large_image","twitter_misc":{"Temps estimat de lectura":"10 minuts"},"schema":{"@context":"https:\/\/schema.org","@graph":[{"@type":"WebPage","@id":"https:\/\/retolsdomensl.com\/ca\/avis-legal\/","url":"https:\/\/retolsdomensl.com\/ca\/avis-legal\/","name":"Av\u00eds legal - R\u00e8tols Domen","isPartOf":{"@id":"https:\/\/retolsdomensl.com\/ca\/#website"},"datePublished":"2023-05-23T07:34:03+00:00","dateModified":"2024-08-29T11:45:12+00:00","breadcrumb":{"@id":"https:\/\/retolsdomensl.com\/ca\/avis-legal\/#breadcrumb"},"inLanguage":"ca","potentialAction":[{"@type":"ReadAction","target":["https:\/\/retolsdomensl.com\/ca\/avis-legal\/"]}]},{"@type":"BreadcrumbList","@id":"https:\/\/retolsdomensl.com\/ca\/avis-legal\/#breadcrumb","itemListElement":[{"@type":"ListItem","position":1,"name":"Portada","item":"https:\/\/retolsdomensl.com\/ca\/home\/"},{"@type":"ListItem","position":2,"name":"Av\u00eds legal"}]},{"@type":"WebSite","@id":"https:\/\/retolsdomensl.com\/ca\/#website","url":"https:\/\/retolsdomensl.com\/ca\/","name":"R\u00e8tols Domen","description":"R\u00f3tulos, vinilos, veh\u00edculos, lonas,, elementos publicitarios, equipamiento comercial, l\u00e1minas de control solar para edificios.","publisher":{"@id":"https:\/\/retolsdomensl.com\/ca\/#organization"},"potentialAction":[{"@type":"SearchAction","target":{"@type":"EntryPoint","urlTemplate":"https:\/\/retolsdomensl.com\/ca\/?s={search_term_string}"},"query-input":{"@type":"PropertyValueSpecification","valueRequired":true,"valueName":"search_term_string"}}],"inLanguage":"ca"},{"@type":"Organization","@id":"https:\/\/retolsdomensl.com\/ca\/#organization","name":"R\u00e8tols Domen","url":"https:\/\/retolsdomensl.com\/ca\/","logo":{"@type":"ImageObject","inLanguage":"ca","@id":"https:\/\/retolsdomensl.com\/ca\/#\/schema\/logo\/image\/","url":"https:\/\/retolsdomensl.com\/wp-content\/uploads\/2023\/05\/logo-retols-domen-footer.png","contentUrl":"https:\/\/retolsdomensl.com\/wp-content\/uploads\/2023\/05\/logo-retols-domen-footer.png","width":1250,"height":206,"caption":"R\u00e8tols Domen"},"image":{"@id":"https:\/\/retolsdomensl.com\/ca\/#\/schema\/logo\/image\/"},"sameAs":["https:\/\/retolsdomensl.com\/img\/instagram-tanto-tiento.png"]}]}},"_links":{"self":[{"href":"https:\/\/retolsdomensl.com\/ca\/wp-json\/wp\/v2\/pages\/561","targetHints":{"allow":["GET"]}}],"collection":[{"href":"https:\/\/retolsdomensl.com\/ca\/wp-json\/wp\/v2\/pages"}],"about":[{"href":"https:\/\/retolsdomensl.com\/ca\/wp-json\/wp\/v2\/types\/page"}],"author":[{"embeddable":true,"href":"https:\/\/retolsdomensl.com\/ca\/wp-json\/wp\/v2\/users\/2"}],"replies":[{"embeddable":true,"href":"https:\/\/retolsdomensl.com\/ca\/wp-json\/wp\/v2\/comments?post=561"}],"version-history":[{"count":9,"href":"https:\/\/retolsdomensl.com\/ca\/wp-json\/wp\/v2\/pages\/561\/revisions"}],"predecessor-version":[{"id":737,"href":"https:\/\/retolsdomensl.com\/ca\/wp-json\/wp\/v2\/pages\/561\/revisions\/737"}],"wp:attachment":[{"href":"https:\/\/retolsdomensl.com\/ca\/wp-json\/wp\/v2\/media?parent=561"}],"curies":[{"name":"wp","href":"https:\/\/api.w.org\/{rel}","templated":true}]}}