{"id":560,"date":"2023-06-02T09:18:27","date_gmt":"2023-06-02T09:18:27","guid":{"rendered":"https:\/\/retols.h2ocomunicacio.com\/?page_id=560"},"modified":"2023-07-13T14:12:57","modified_gmt":"2023-07-13T14:12:57","slug":"contacte","status":"publish","type":"page","link":"https:\/\/retolsdomensl.com\/ca\/contacte\/","title":{"rendered":"Contacte"},"content":{"rendered":"<div id='av-layout-grid-1'  class='av-layout-grid-container av-av_layout_row-f535683623cdf79a63578809738e4a34 entry-content-wrapper main_color av-flex-cells  avia-builder-el-0  avia-builder-el-no-sibling   container_wrap fullsize'  >\n\n<style type=\"text\/css\" data-created_by=\"avia_inline_auto\" id=\"style-css-av-lin7bza2-b3f452ab86aae18f79466f224b2b79f2\">\n.flex_cell.av-lin7bza2-b3f452ab86aae18f79466f224b2b79f2{\nvertical-align:top;\n}\n.responsive #top #wrap_all .flex_cell.av-lin7bza2-b3f452ab86aae18f79466f224b2b79f2{\npadding:0px 0px 0px 0px !important;\n}\n<\/style>\n<div class='flex_cell av-lin7bza2-b3f452ab86aae18f79466f224b2b79f2 av-gridrow-cell av_three_fifth no_margin  avia-builder-el-1  el_before_av_cell_two_fifth  avia-builder-el-first  av-zero-padding'  ><div class='flex_cell_inner'><div  class='av_gmaps_sc_main_wrap av_gmaps_main_wrap '><div id='av_gmap_0' class='avia-google-map-container avia-google-map-sc av_gmaps_show_unconditionally av-no-fallback-img ' data-mapid='av_gmap_0'  style='height: 700px;'><a class=\"av_gmaps_browser_disabled av_text_confirm_link av_text_confirm_link_visible\" href=\"https:\/\/www.google.com\/maps\/search\/?api=1&#038;query=Carrer%20G\u00e8nere%20de%20Punt,%208,%20planta%20-1%2008302%20Matar\u00f3%20Barcelona%20Espa\u00f1a\" target=\"_blank\" rel=\"noopener\">Maps were disabled by the visitor on this site. Click to open the map in a new window.<\/a><\/div><\/div>\n<\/div><\/div>\n<style type=\"text\/css\" data-created_by=\"avia_inline_auto\" id=\"style-css-av-lin7ew1d-9df97898ea7c5d4bc61d3a18e49688f4\">\n.flex_cell.av-lin7ew1d-9df97898ea7c5d4bc61d3a18e49688f4{\nvertical-align:middle;\n}\n<\/style>\n<div class='flex_cell av-lin7ew1d-9df97898ea7c5d4bc61d3a18e49688f4 av-gridrow-cell av_two_fifth no_margin  avia-builder-el-3  el_after_av_cell_three_fifth  avia-builder-el-last '  ><div class='flex_cell_inner'><div  class='flex_column av-av_one_full-7714eba142aeda1f8b5272a3c372b279 av_one_full  avia-builder-el-4  avia-builder-el-no-sibling  first flex_column_div  '     ><section  class='av_textblock_section av-lin7h5l7-185a89509250c0e4fca154b75b101d22 '   itemscope=\"itemscope\" itemtype=\"https:\/\/schema.org\/CreativeWork\" ><div class='avia_textblock'  itemprop=\"text\" ><h2 style=\"text-align: center;\">CONTACTA AMB NOSALTRES<\/h2>\n<h3 style=\"text-align: center;\">per a qualsevol pressupost o consulta:<\/h3>\n<\/div><\/section><br \/>\n\n<style type=\"text\/css\" data-created_by=\"avia_inline_auto\" id=\"style-css-av-lin7iemv-8bbbda293ac7614a60b83170d2148651\">\n#top .hr.hr-invisible.av-lin7iemv-8bbbda293ac7614a60b83170d2148651{\nheight:20px;\n}\n<\/style>\n<div  class='hr av-lin7iemv-8bbbda293ac7614a60b83170d2148651 hr-invisible  avia-builder-el-6  el_after_av_textblock  el_before_av_textblock '><span class='hr-inner '><span class=\"hr-inner-style\"><\/span><\/span><\/div><br \/>\n\n<style type=\"text\/css\" data-created_by=\"avia_inline_auto\" id=\"style-css-av-lin7escn-20e841b41258548d3f1962493b6256a9\">\n#top .av_textblock_section.av-lin7escn-20e841b41258548d3f1962493b6256a9 .avia_textblock{\nfont-size:16px;\n}\n<\/style>\n<section  class='av_textblock_section av-lin7escn-20e841b41258548d3f1962493b6256a9 '   itemscope=\"itemscope\" itemtype=\"https:\/\/schema.org\/CreativeWork\" ><div class='avia_textblock'  itemprop=\"text\" ><p style=\"text-align: center;\">Carrer G\u00e8nere de Punt, 8, planta -1<br \/>\n08302 Matar\u00f3, Barcelona<\/p>\n<p style=\"text-align: center;\"><a class=\"aclass3\" href=\"mailto:hola@retolsdomensl.com\" target=\"_blank\" rel=\"noopener\">hola@retolsdomensl.com<\/a><\/p>\n<\/div><\/section><br \/>\n\n<style type=\"text\/css\" data-created_by=\"avia_inline_auto\" id=\"style-css-av-av_hr-82f5be0ae0af6a64fe3091010b237709\">\n#top .hr.hr-invisible.av-av_hr-82f5be0ae0af6a64fe3091010b237709{\nheight:20px;\n}\n<\/style>\n<div  class='hr av-av_hr-82f5be0ae0af6a64fe3091010b237709 hr-invisible  avia-builder-el-8  el_after_av_textblock  el_before_av_icon_box '><span class='hr-inner '><span class=\"hr-inner-style\"><\/span><\/span><\/div><br \/>\n\n<style type=\"text\/css\" data-created_by=\"avia_inline_auto\" id=\"style-css-av-lin7lins-9ef6121d05df9f5acd228c60a670f004\">\n#top #wrap_all .iconbox.av-lin7lins-9ef6121d05df9f5acd228c60a670f004 .iconbox_content_title{\nfont-size:25px;\n}\n<\/style>\n<article  class='iconbox iconbox_top av-lin7lins-9ef6121d05df9f5acd228c60a670f004  avia-builder-el-9  el_after_av_hr  avia-builder-el-last  main_color'  itemscope=\"itemscope\" itemtype=\"https:\/\/schema.org\/CreativeWork\" ><div class=\"iconbox_content\"><header class=\"entry-content-header\"><div class=\"iconbox_icon heading-color\" aria-hidden='true' data-av_icon='\ue854' data-av_iconfont='entypo-fontello'><\/div><h3 class='iconbox_content_title '  itemprop=\"headline\" >937 57 90 78<\/h3><\/header><div class='iconbox_content_container '  itemprop=\"text\" ><\/div><\/div><footer class=\"entry-footer\"><\/footer><\/article><\/p><\/div>\n<\/div><\/div><\/div>\n","protected":false},"excerpt":{"rendered":"","protected":false},"author":1,"featured_media":0,"parent":0,"menu_order":0,"comment_status":"closed","ping_status":"closed","template":"","meta":{"footnotes":""},"class_list":["post-560","page","type-page","status-publish","hentry"],"yoast_head":"<!-- This site is optimized with the Yoast SEO plugin v27.3 - https:\/\/yoast.com\/product\/yoast-seo-wordpress\/ -->\n<title>Contacte - R\u00e8tols Domen<\/title>\n<meta name=\"robots\" content=\"index, follow, max-snippet:-1, max-image-preview:large, max-video-preview:-1\" \/>\n<link rel=\"canonical\" href=\"https:\/\/retolsdomensl.com\/ca\/contacte\/\" \/>\n<meta property=\"og:locale\" content=\"ca_ES\" \/>\n<meta property=\"og:type\" content=\"article\" \/>\n<meta property=\"og:title\" content=\"Contacte - R\u00e8tols Domen\" \/>\n<meta property=\"og:url\" content=\"https:\/\/retolsdomensl.com\/ca\/contacte\/\" \/>\n<meta property=\"og:site_name\" content=\"R\u00e8tols Domen\" \/>\n<meta property=\"article:modified_time\" content=\"2023-07-13T14:12:57+00:00\" \/>\n<meta name=\"twitter:card\" content=\"summary_large_image\" \/>\n<meta name=\"twitter:label1\" content=\"Temps estimat de lectura\" \/>\n\t<meta name=\"twitter:data1\" content=\"2 minuts\" \/>\n<script type=\"application\/ld+json\" class=\"yoast-schema-graph\">{\"@context\":\"https:\\\/\\\/schema.org\",\"@graph\":[{\"@type\":\"WebPage\",\"@id\":\"https:\\\/\\\/retolsdomensl.com\\\/ca\\\/contacte\\\/\",\"url\":\"https:\\\/\\\/retolsdomensl.com\\\/ca\\\/contacte\\\/\",\"name\":\"Contacte - R\u00e8tols Domen\",\"isPartOf\":{\"@id\":\"https:\\\/\\\/retolsdomensl.com\\\/ca\\\/#website\"},\"datePublished\":\"2023-06-02T09:18:27+00:00\",\"dateModified\":\"2023-07-13T14:12:57+00:00\",\"breadcrumb\":{\"@id\":\"https:\\\/\\\/retolsdomensl.com\\\/ca\\\/contacte\\\/#breadcrumb\"},\"inLanguage\":\"ca\",\"potentialAction\":[{\"@type\":\"ReadAction\",\"target\":[\"https:\\\/\\\/retolsdomensl.com\\\/ca\\\/contacte\\\/\"]}]},{\"@type\":\"BreadcrumbList\",\"@id\":\"https:\\\/\\\/retolsdomensl.com\\\/ca\\\/contacte\\\/#breadcrumb\",\"itemListElement\":[{\"@type\":\"ListItem\",\"position\":1,\"name\":\"Portada\",\"item\":\"https:\\\/\\\/retolsdomensl.com\\\/ca\\\/home\\\/\"},{\"@type\":\"ListItem\",\"position\":2,\"name\":\"Contacte\"}]},{\"@type\":\"WebSite\",\"@id\":\"https:\\\/\\\/retolsdomensl.com\\\/ca\\\/#website\",\"url\":\"https:\\\/\\\/retolsdomensl.com\\\/ca\\\/\",\"name\":\"R\u00e8tols Domen\",\"description\":\"R\u00f3tulos, vinilos, veh\u00edculos, lonas,, elementos publicitarios, equipamiento comercial, l\u00e1minas de control solar para edificios.\",\"publisher\":{\"@id\":\"https:\\\/\\\/retolsdomensl.com\\\/ca\\\/#organization\"},\"potentialAction\":[{\"@type\":\"SearchAction\",\"target\":{\"@type\":\"EntryPoint\",\"urlTemplate\":\"https:\\\/\\\/retolsdomensl.com\\\/ca\\\/?s={search_term_string}\"},\"query-input\":{\"@type\":\"PropertyValueSpecification\",\"valueRequired\":true,\"valueName\":\"search_term_string\"}}],\"inLanguage\":\"ca\"},{\"@type\":\"Organization\",\"@id\":\"https:\\\/\\\/retolsdomensl.com\\\/ca\\\/#organization\",\"name\":\"R\u00e8tols Domen\",\"url\":\"https:\\\/\\\/retolsdomensl.com\\\/ca\\\/\",\"logo\":{\"@type\":\"ImageObject\",\"inLanguage\":\"ca\",\"@id\":\"https:\\\/\\\/retolsdomensl.com\\\/ca\\\/#\\\/schema\\\/logo\\\/image\\\/\",\"url\":\"https:\\\/\\\/retolsdomensl.com\\\/wp-content\\\/uploads\\\/2023\\\/05\\\/logo-retols-domen-footer.png\",\"contentUrl\":\"https:\\\/\\\/retolsdomensl.com\\\/wp-content\\\/uploads\\\/2023\\\/05\\\/logo-retols-domen-footer.png\",\"width\":1250,\"height\":206,\"caption\":\"R\u00e8tols Domen\"},\"image\":{\"@id\":\"https:\\\/\\\/retolsdomensl.com\\\/ca\\\/#\\\/schema\\\/logo\\\/image\\\/\"},\"sameAs\":[\"https:\\\/\\\/retolsdomensl.com\\\/img\\\/instagram-tanto-tiento.png\"]}]}<\/script>\n<!-- \/ Yoast SEO plugin. -->","yoast_head_json":{"title":"Contacte - R\u00e8tols Domen","robots":{"index":"index","follow":"follow","max-snippet":"max-snippet:-1","max-image-preview":"max-image-preview:large","max-video-preview":"max-video-preview:-1"},"canonical":"https:\/\/retolsdomensl.com\/ca\/contacte\/","og_locale":"ca_ES","og_type":"article","og_title":"Contacte - R\u00e8tols Domen","og_url":"https:\/\/retolsdomensl.com\/ca\/contacte\/","og_site_name":"R\u00e8tols Domen","article_modified_time":"2023-07-13T14:12:57+00:00","twitter_card":"summary_large_image","twitter_misc":{"Temps estimat de lectura":"2 minuts"},"schema":{"@context":"https:\/\/schema.org","@graph":[{"@type":"WebPage","@id":"https:\/\/retolsdomensl.com\/ca\/contacte\/","url":"https:\/\/retolsdomensl.com\/ca\/contacte\/","name":"Contacte - R\u00e8tols Domen","isPartOf":{"@id":"https:\/\/retolsdomensl.com\/ca\/#website"},"datePublished":"2023-06-02T09:18:27+00:00","dateModified":"2023-07-13T14:12:57+00:00","breadcrumb":{"@id":"https:\/\/retolsdomensl.com\/ca\/contacte\/#breadcrumb"},"inLanguage":"ca","potentialAction":[{"@type":"ReadAction","target":["https:\/\/retolsdomensl.com\/ca\/contacte\/"]}]},{"@type":"BreadcrumbList","@id":"https:\/\/retolsdomensl.com\/ca\/contacte\/#breadcrumb","itemListElement":[{"@type":"ListItem","position":1,"name":"Portada","item":"https:\/\/retolsdomensl.com\/ca\/home\/"},{"@type":"ListItem","position":2,"name":"Contacte"}]},{"@type":"WebSite","@id":"https:\/\/retolsdomensl.com\/ca\/#website","url":"https:\/\/retolsdomensl.com\/ca\/","name":"R\u00e8tols Domen","description":"R\u00f3tulos, vinilos, veh\u00edculos, lonas,, elementos publicitarios, equipamiento comercial, l\u00e1minas de control solar para edificios.","publisher":{"@id":"https:\/\/retolsdomensl.com\/ca\/#organization"},"potentialAction":[{"@type":"SearchAction","target":{"@type":"EntryPoint","urlTemplate":"https:\/\/retolsdomensl.com\/ca\/?s={search_term_string}"},"query-input":{"@type":"PropertyValueSpecification","valueRequired":true,"valueName":"search_term_string"}}],"inLanguage":"ca"},{"@type":"Organization","@id":"https:\/\/retolsdomensl.com\/ca\/#organization","name":"R\u00e8tols Domen","url":"https:\/\/retolsdomensl.com\/ca\/","logo":{"@type":"ImageObject","inLanguage":"ca","@id":"https:\/\/retolsdomensl.com\/ca\/#\/schema\/logo\/image\/","url":"https:\/\/retolsdomensl.com\/wp-content\/uploads\/2023\/05\/logo-retols-domen-footer.png","contentUrl":"https:\/\/retolsdomensl.com\/wp-content\/uploads\/2023\/05\/logo-retols-domen-footer.png","width":1250,"height":206,"caption":"R\u00e8tols Domen"},"image":{"@id":"https:\/\/retolsdomensl.com\/ca\/#\/schema\/logo\/image\/"},"sameAs":["https:\/\/retolsdomensl.com\/img\/instagram-tanto-tiento.png"]}]}},"_links":{"self":[{"href":"https:\/\/retolsdomensl.com\/ca\/wp-json\/wp\/v2\/pages\/560","targetHints":{"allow":["GET"]}}],"collection":[{"href":"https:\/\/retolsdomensl.com\/ca\/wp-json\/wp\/v2\/pages"}],"about":[{"href":"https:\/\/retolsdomensl.com\/ca\/wp-json\/wp\/v2\/types\/page"}],"author":[{"embeddable":true,"href":"https:\/\/retolsdomensl.com\/ca\/wp-json\/wp\/v2\/users\/1"}],"replies":[{"embeddable":true,"href":"https:\/\/retolsdomensl.com\/ca\/wp-json\/wp\/v2\/comments?post=560"}],"version-history":[{"count":6,"href":"https:\/\/retolsdomensl.com\/ca\/wp-json\/wp\/v2\/pages\/560\/revisions"}],"predecessor-version":[{"id":683,"href":"https:\/\/retolsdomensl.com\/ca\/wp-json\/wp\/v2\/pages\/560\/revisions\/683"}],"wp:attachment":[{"href":"https:\/\/retolsdomensl.com\/ca\/wp-json\/wp\/v2\/media?parent=560"}],"curies":[{"name":"wp","href":"https:\/\/api.w.org\/{rel}","templated":true}]}}