{"id":553,"date":"2023-06-13T13:34:23","date_gmt":"2023-06-13T13:34:23","guid":{"rendered":"https:\/\/retols.h2ocomunicacio.com\/?page_id=553"},"modified":"2023-07-13T14:09:19","modified_gmt":"2023-07-13T14:09:19","slug":"serveis","status":"publish","type":"page","link":"https:\/\/retolsdomensl.com\/ca\/serveis\/","title":{"rendered":"Serveis"},"content":{"rendered":"<div id='av_section_1'  class='avia-section av-2fs40b-9f5a8abfcb30fb69fe98edbba9da5912 main_color avia-section-default avia-no-border-styling  avia-builder-el-0  avia-builder-el-no-sibling  avia-bg-style-scroll container_wrap fullsize'  ><div class='container av-section-cont-open' ><main  role=\"main\" itemprop=\"mainContentOfPage\"  class='template-page content  av-content-full alpha units'><div class='post-entry post-entry-type-page post-entry-553'><div class='entry-content-wrapper clearfix'>\n<div  class='flex_column av-2a4atf-94377e1d00be14222adba4c70d3c6312 av_one_full  avia-builder-el-1  el_before_av_one_third  avia-builder-el-first  first flex_column_div  '     ><section  class='av_textblock_section av-liucl6d6-6f63c1bb571f7e9835f9777d8d6fa24d '   itemscope=\"itemscope\" itemtype=\"https:\/\/schema.org\/CreativeWork\" ><div class='avia_textblock'  itemprop=\"text\" ><h1 style=\"text-align: center;\">SERVEIS<\/h1>\n<h3 style=\"text-align: center;\">A R\u00e8tols Domen tenim una gran varietat de serveis i personalitzacions per cobrir totes les teves necessitats:<\/h3>\n<\/div><\/section><\/div><div  class='flex_column av-212bh7-70355eac4a50ef9b9ee74852674d56ce av_one_third  avia-builder-el-3  el_after_av_one_full  el_before_av_one_third  first flex_column_div avia-link-column av-column-link  column-top-margin'    data-link-column-url=\"https:\/\/retolsdomensl.com\/servicios\/rotulos\/\"   ><a class=\"av-screen-reader-only\" href=https:\/\/retolsdomensl.com\/servicios\/rotulos\/ >Link to: R\u00f3tulos<\/a><style type=\"text\/css\" data-created_by=\"avia_inline_auto\" id=\"style-css-av-1w96gb-23e8dd8b42e5ef5b27d13ccf311c791c\">\n.avia-image-container.av-1w96gb-23e8dd8b42e5ef5b27d13ccf311c791c img.avia_image{\nbox-shadow:none;\n}\n.avia-image-container.av-1w96gb-23e8dd8b42e5ef5b27d13ccf311c791c .av-caption-image-overlay-bg{\nopacity:0.7;\nbackground-color:#005580;\n}\n.avia-image-container.av-1w96gb-23e8dd8b42e5ef5b27d13ccf311c791c .av-image-caption-overlay-center{\ncolor:#ffffff;\nfont-size:26px;\n}\n<\/style>\n<div  class='avia-image-container av-1w96gb-23e8dd8b42e5ef5b27d13ccf311c791c av-styling- avia-align-center  avia-builder-el-4  avia-builder-el-no-sibling  noHover av-overlay-on-hover'   itemprop=\"image\" itemscope=\"itemscope\" itemtype=\"https:\/\/schema.org\/ImageObject\" ><div class=\"avia-image-container-inner\"><div class=\"avia-image-overlay-wrap\"><div class=\"av-image-caption-overlay\"><div class=\"av-caption-image-overlay-bg\"><\/div><div class=\"av-image-caption-overlay-position\"><div class=\"av-image-caption-overlay-center\"><p>R\u00c8TOLS<\/p>\n<\/div><\/div><\/div><img decoding=\"async\" fetchpriority=\"high\" class='wp-image-171 avia-img-lazy-loading-not-171 avia_image ' src=\"https:\/\/retolsdomensl.com\/wp-content\/uploads\/2023\/06\/AccesDirecte-Rotulo-Domen.png\" alt='' title='Acce\u0301sDirecte-Rotulo-Domen'  height=\"1000\" width=\"1000\"  itemprop=\"thumbnailUrl\" srcset=\"https:\/\/retolsdomensl.com\/wp-content\/uploads\/2023\/06\/AccesDirecte-Rotulo-Domen.png 1000w, https:\/\/retolsdomensl.com\/wp-content\/uploads\/2023\/06\/AccesDirecte-Rotulo-Domen-300x300.png 300w, https:\/\/retolsdomensl.com\/wp-content\/uploads\/2023\/06\/AccesDirecte-Rotulo-Domen-80x80.png 80w, https:\/\/retolsdomensl.com\/wp-content\/uploads\/2023\/06\/AccesDirecte-Rotulo-Domen-768x768.png 768w, https:\/\/retolsdomensl.com\/wp-content\/uploads\/2023\/06\/AccesDirecte-Rotulo-Domen-36x36.png 36w, https:\/\/retolsdomensl.com\/wp-content\/uploads\/2023\/06\/AccesDirecte-Rotulo-Domen-180x180.png 180w, https:\/\/retolsdomensl.com\/wp-content\/uploads\/2023\/06\/AccesDirecte-Rotulo-Domen-705x705.png 705w\" sizes=\"(max-width: 1000px) 100vw, 1000px\" \/><\/div><\/div><\/div><\/div><div  class='flex_column av-11no4r-53bf33d0f535eceec665a671d475b7e7 av_one_third  avia-builder-el-5  el_after_av_one_third  el_before_av_one_third  flex_column_div avia-link-column av-column-link  column-top-margin'    data-link-column-url=\"https:\/\/retolsdomensl.com\/servicios\/vehiculos\/\"   ><a class=\"av-screen-reader-only\" href=https:\/\/retolsdomensl.com\/servicios\/vehiculos\/ >Link to: Veh\u00edculos<\/a><style type=\"text\/css\" data-created_by=\"avia_inline_auto\" id=\"style-css-av-vmyfn-8a0dc8168ed0cd8fcc27fc2f53af6992\">\n.avia-image-container.av-vmyfn-8a0dc8168ed0cd8fcc27fc2f53af6992 img.avia_image{\nbox-shadow:none;\n}\n.avia-image-container.av-vmyfn-8a0dc8168ed0cd8fcc27fc2f53af6992 .av-caption-image-overlay-bg{\nopacity:0.7;\nbackground-color:#005580;\n}\n.avia-image-container.av-vmyfn-8a0dc8168ed0cd8fcc27fc2f53af6992 .av-image-caption-overlay-center{\ncolor:#ffffff;\nfont-size:26px;\n}\n<\/style>\n<div  class='avia-image-container av-vmyfn-8a0dc8168ed0cd8fcc27fc2f53af6992 av-styling- avia-align-center  avia-builder-el-6  avia-builder-el-no-sibling  noHover av-overlay-on-hover'   itemprop=\"image\" itemscope=\"itemscope\" itemtype=\"https:\/\/schema.org\/ImageObject\" ><div class=\"avia-image-container-inner\"><div class=\"avia-image-overlay-wrap\"><div class=\"av-image-caption-overlay\"><div class=\"av-caption-image-overlay-bg\"><\/div><div class=\"av-image-caption-overlay-position\"><div class=\"av-image-caption-overlay-center\"><p>VEHICLES<\/p>\n<\/div><\/div><\/div><img decoding=\"async\" fetchpriority=\"high\" class='wp-image-169 avia-img-lazy-loading-not-169 avia_image ' src=\"https:\/\/retolsdomensl.com\/wp-content\/uploads\/2023\/06\/AccesDirecte-Vehiculo-Domen.png\" alt='' title='Acce\u0301sDirecte-Vehiculo-Domen'  height=\"1000\" width=\"1000\"  itemprop=\"thumbnailUrl\" srcset=\"https:\/\/retolsdomensl.com\/wp-content\/uploads\/2023\/06\/AccesDirecte-Vehiculo-Domen.png 1000w, https:\/\/retolsdomensl.com\/wp-content\/uploads\/2023\/06\/AccesDirecte-Vehiculo-Domen-300x300.png 300w, https:\/\/retolsdomensl.com\/wp-content\/uploads\/2023\/06\/AccesDirecte-Vehiculo-Domen-80x80.png 80w, https:\/\/retolsdomensl.com\/wp-content\/uploads\/2023\/06\/AccesDirecte-Vehiculo-Domen-768x768.png 768w, https:\/\/retolsdomensl.com\/wp-content\/uploads\/2023\/06\/AccesDirecte-Vehiculo-Domen-36x36.png 36w, https:\/\/retolsdomensl.com\/wp-content\/uploads\/2023\/06\/AccesDirecte-Vehiculo-Domen-180x180.png 180w, https:\/\/retolsdomensl.com\/wp-content\/uploads\/2023\/06\/AccesDirecte-Vehiculo-Domen-705x705.png 705w\" sizes=\"(max-width: 1000px) 100vw, 1000px\" \/><\/div><\/div><\/div><\/div><div  class='flex_column av-1s54z7-cfe4dd510049282eb9c1c897e0d3bfa9 av_one_third  avia-builder-el-7  el_after_av_one_third  el_before_av_one_third  flex_column_div avia-link-column av-column-link  column-top-margin'    data-link-column-url=\"https:\/\/retolsdomensl.com\/servicios\/vinilos\/\"   ><a class=\"av-screen-reader-only\" href=https:\/\/retolsdomensl.com\/servicios\/vinilos\/ >Link to: Vinilos<\/a><style type=\"text\/css\" data-created_by=\"avia_inline_auto\" id=\"style-css-av-1j16nf-e0399128dc5576675e80408cbeefc59c\">\n.avia-image-container.av-1j16nf-e0399128dc5576675e80408cbeefc59c img.avia_image{\nbox-shadow:none;\n}\n.avia-image-container.av-1j16nf-e0399128dc5576675e80408cbeefc59c .av-caption-image-overlay-bg{\nopacity:0.7;\nbackground-color:#005580;\n}\n.avia-image-container.av-1j16nf-e0399128dc5576675e80408cbeefc59c .av-image-caption-overlay-center{\ncolor:#ffffff;\nfont-size:26px;\n}\n<\/style>\n<div  class='avia-image-container av-1j16nf-e0399128dc5576675e80408cbeefc59c av-styling- avia-align-center  avia-builder-el-8  avia-builder-el-no-sibling  noHover av-overlay-on-hover'   itemprop=\"image\" itemscope=\"itemscope\" itemtype=\"https:\/\/schema.org\/ImageObject\" ><div class=\"avia-image-container-inner\"><div class=\"avia-image-overlay-wrap\"><div class=\"av-image-caption-overlay\"><div class=\"av-caption-image-overlay-bg\"><\/div><div class=\"av-image-caption-overlay-position\"><div class=\"av-image-caption-overlay-center\"><p>VINILS<\/p>\n<\/div><\/div><\/div><img decoding=\"async\" fetchpriority=\"high\" class='wp-image-165 avia-img-lazy-loading-not-165 avia_image ' src=\"https:\/\/retolsdomensl.com\/wp-content\/uploads\/2023\/06\/AccesDirecte-Vinil-Domen.png\" alt='' title='Acce\u0301sDirecte-Vinil-Domen'  height=\"1000\" width=\"1000\"  itemprop=\"thumbnailUrl\" srcset=\"https:\/\/retolsdomensl.com\/wp-content\/uploads\/2023\/06\/AccesDirecte-Vinil-Domen.png 1000w, https:\/\/retolsdomensl.com\/wp-content\/uploads\/2023\/06\/AccesDirecte-Vinil-Domen-300x300.png 300w, https:\/\/retolsdomensl.com\/wp-content\/uploads\/2023\/06\/AccesDirecte-Vinil-Domen-80x80.png 80w, https:\/\/retolsdomensl.com\/wp-content\/uploads\/2023\/06\/AccesDirecte-Vinil-Domen-768x768.png 768w, https:\/\/retolsdomensl.com\/wp-content\/uploads\/2023\/06\/AccesDirecte-Vinil-Domen-36x36.png 36w, https:\/\/retolsdomensl.com\/wp-content\/uploads\/2023\/06\/AccesDirecte-Vinil-Domen-180x180.png 180w, https:\/\/retolsdomensl.com\/wp-content\/uploads\/2023\/06\/AccesDirecte-Vinil-Domen-705x705.png 705w\" sizes=\"(max-width: 1000px) 100vw, 1000px\" \/><\/div><\/div><\/div><\/div><div  class='flex_column av-54mq3-96defc728498376be54fd0ec18f48bb6 av_one_third  avia-builder-el-9  el_after_av_one_third  el_before_av_one_third  first flex_column_div avia-link-column av-column-link  column-top-margin'    data-link-column-url=\"https:\/\/retolsdomensl.com\/servicios\/lonas\/\"   ><a class=\"av-screen-reader-only\" href=https:\/\/retolsdomensl.com\/servicios\/lonas\/ >Link to: Lonas<\/a><style type=\"text\/css\" data-created_by=\"avia_inline_auto\" id=\"style-css-av-19lp77-c640df3dcad344a642089ec76134af87\">\n.avia-image-container.av-19lp77-c640df3dcad344a642089ec76134af87 img.avia_image{\nbox-shadow:none;\n}\n.avia-image-container.av-19lp77-c640df3dcad344a642089ec76134af87 .av-caption-image-overlay-bg{\nopacity:0.7;\nbackground-color:#005580;\n}\n.avia-image-container.av-19lp77-c640df3dcad344a642089ec76134af87 .av-image-caption-overlay-center{\ncolor:#ffffff;\nfont-size:26px;\n}\n<\/style>\n<div  class='avia-image-container av-19lp77-c640df3dcad344a642089ec76134af87 av-styling- avia-align-center  avia-builder-el-10  avia-builder-el-no-sibling  noHover av-overlay-on-hover'   itemprop=\"image\" itemscope=\"itemscope\" itemtype=\"https:\/\/schema.org\/ImageObject\" ><div class=\"avia-image-container-inner\"><div class=\"avia-image-overlay-wrap\"><div class=\"av-image-caption-overlay\"><div class=\"av-caption-image-overlay-bg\"><\/div><div class=\"av-image-caption-overlay-position\"><div class=\"av-image-caption-overlay-center\"><p>LONES<\/p>\n<\/div><\/div><\/div><img decoding=\"async\" fetchpriority=\"high\" class='wp-image-167 avia-img-lazy-loading-not-167 avia_image ' src=\"https:\/\/retolsdomensl.com\/wp-content\/uploads\/2023\/06\/AccesDirecte-Lona-Domen.png\" alt='' title='Acce\u0301sDirecte-Lona-Domen'  height=\"1000\" width=\"1000\"  itemprop=\"thumbnailUrl\" srcset=\"https:\/\/retolsdomensl.com\/wp-content\/uploads\/2023\/06\/AccesDirecte-Lona-Domen.png 1000w, https:\/\/retolsdomensl.com\/wp-content\/uploads\/2023\/06\/AccesDirecte-Lona-Domen-300x300.png 300w, https:\/\/retolsdomensl.com\/wp-content\/uploads\/2023\/06\/AccesDirecte-Lona-Domen-80x80.png 80w, https:\/\/retolsdomensl.com\/wp-content\/uploads\/2023\/06\/AccesDirecte-Lona-Domen-768x768.png 768w, https:\/\/retolsdomensl.com\/wp-content\/uploads\/2023\/06\/AccesDirecte-Lona-Domen-36x36.png 36w, https:\/\/retolsdomensl.com\/wp-content\/uploads\/2023\/06\/AccesDirecte-Lona-Domen-180x180.png 180w, https:\/\/retolsdomensl.com\/wp-content\/uploads\/2023\/06\/AccesDirecte-Lona-Domen-705x705.png 705w\" sizes=\"(max-width: 1000px) 100vw, 1000px\" \/><\/div><\/div><\/div><\/div><div  class='flex_column av-a14w3-3cf7d45ce804afe1effb728143c52e2e av_one_third  avia-builder-el-11  el_after_av_one_third  el_before_av_one_third  flex_column_div avia-link-column av-column-link  column-top-margin'    data-link-column-url=\"https:\/\/retolsdomensl.com\/servicios\/elementos-publicitarios\/\"   ><a class=\"av-screen-reader-only\" href=https:\/\/retolsdomensl.com\/servicios\/elementos-publicitarios\/ >Link to: Elementos Publicitarios<\/a><style type=\"text\/css\" data-created_by=\"avia_inline_auto\" id=\"style-css-av-livg6ko6-48d367686f544e3175fd9cf37a5b7c68\">\n.avia-image-container.av-livg6ko6-48d367686f544e3175fd9cf37a5b7c68 img.avia_image{\nbox-shadow:none;\n}\n.avia-image-container.av-livg6ko6-48d367686f544e3175fd9cf37a5b7c68 .av-caption-image-overlay-bg{\nopacity:0.7;\nbackground-color:#005580;\n}\n.avia-image-container.av-livg6ko6-48d367686f544e3175fd9cf37a5b7c68 .av-image-caption-overlay-center{\ncolor:#ffffff;\nfont-size:26px;\n}\n<\/style>\n<div  class='avia-image-container av-livg6ko6-48d367686f544e3175fd9cf37a5b7c68 av-styling- avia-align-center  avia-builder-el-12  avia-builder-el-no-sibling  noHover av-overlay-on-hover'   itemprop=\"image\" itemscope=\"itemscope\" itemtype=\"https:\/\/schema.org\/ImageObject\" ><div class=\"avia-image-container-inner\"><div class=\"avia-image-overlay-wrap\"><div class=\"av-image-caption-overlay\"><div class=\"av-caption-image-overlay-bg\"><\/div><div class=\"av-image-caption-overlay-position\"><div class=\"av-image-caption-overlay-center\"><p>ELEMENTS PUBLICITARIS<\/p>\n<\/div><\/div><\/div><img decoding=\"async\" fetchpriority=\"high\" class='wp-image-327 avia-img-lazy-loading-not-327 avia_image ' src=\"https:\/\/retolsdomensl.com\/wp-content\/uploads\/2023\/06\/elem-publi-4.jpg\" alt='' title='elem publi 4'  height=\"800\" width=\"800\"  itemprop=\"thumbnailUrl\" srcset=\"https:\/\/retolsdomensl.com\/wp-content\/uploads\/2023\/06\/elem-publi-4.jpg 800w, https:\/\/retolsdomensl.com\/wp-content\/uploads\/2023\/06\/elem-publi-4-300x300.jpg 300w, https:\/\/retolsdomensl.com\/wp-content\/uploads\/2023\/06\/elem-publi-4-80x80.jpg 80w, https:\/\/retolsdomensl.com\/wp-content\/uploads\/2023\/06\/elem-publi-4-768x768.jpg 768w, https:\/\/retolsdomensl.com\/wp-content\/uploads\/2023\/06\/elem-publi-4-36x36.jpg 36w, https:\/\/retolsdomensl.com\/wp-content\/uploads\/2023\/06\/elem-publi-4-180x180.jpg 180w, https:\/\/retolsdomensl.com\/wp-content\/uploads\/2023\/06\/elem-publi-4-705x705.jpg 705w\" sizes=\"(max-width: 800px) 100vw, 800px\" \/><\/div><\/div><\/div><\/div><div  class='flex_column av-ep1n7-08ca1867249b236ac6d7073cd29612fe av_one_third  avia-builder-el-13  el_after_av_one_third  avia-builder-el-last  flex_column_div  column-top-margin'     ><\/div>\n","protected":false},"excerpt":{"rendered":"","protected":false},"author":1,"featured_media":0,"parent":0,"menu_order":0,"comment_status":"closed","ping_status":"closed","template":"","meta":{"footnotes":""},"class_list":["post-553","page","type-page","status-publish","hentry"],"yoast_head":"<!-- This site is optimized with the Yoast SEO plugin v27.4 - https:\/\/yoast.com\/product\/yoast-seo-wordpress\/ -->\n<title>Serveis - R\u00e8tols Domen<\/title>\n<meta name=\"robots\" content=\"index, follow, max-snippet:-1, max-image-preview:large, max-video-preview:-1\" \/>\n<link rel=\"canonical\" href=\"https:\/\/retolsdomensl.com\/ca\/serveis\/\" \/>\n<meta property=\"og:locale\" content=\"ca_ES\" \/>\n<meta property=\"og:type\" content=\"article\" \/>\n<meta property=\"og:title\" content=\"Serveis - R\u00e8tols Domen\" \/>\n<meta property=\"og:url\" content=\"https:\/\/retolsdomensl.com\/ca\/serveis\/\" \/>\n<meta property=\"og:site_name\" content=\"R\u00e8tols Domen\" \/>\n<meta property=\"article:modified_time\" content=\"2023-07-13T14:09:19+00:00\" \/>\n<meta name=\"twitter:card\" content=\"summary_large_image\" \/>\n<meta name=\"twitter:label1\" content=\"Temps estimat de lectura\" \/>\n\t<meta name=\"twitter:data1\" content=\"7 minuts\" \/>\n<script type=\"application\/ld+json\" class=\"yoast-schema-graph\">{\"@context\":\"https:\\\/\\\/schema.org\",\"@graph\":[{\"@type\":\"WebPage\",\"@id\":\"https:\\\/\\\/retolsdomensl.com\\\/ca\\\/serveis\\\/\",\"url\":\"https:\\\/\\\/retolsdomensl.com\\\/ca\\\/serveis\\\/\",\"name\":\"Serveis - R\u00e8tols Domen\",\"isPartOf\":{\"@id\":\"https:\\\/\\\/retolsdomensl.com\\\/ca\\\/#website\"},\"datePublished\":\"2023-06-13T13:34:23+00:00\",\"dateModified\":\"2023-07-13T14:09:19+00:00\",\"breadcrumb\":{\"@id\":\"https:\\\/\\\/retolsdomensl.com\\\/ca\\\/serveis\\\/#breadcrumb\"},\"inLanguage\":\"ca\",\"potentialAction\":[{\"@type\":\"ReadAction\",\"target\":[\"https:\\\/\\\/retolsdomensl.com\\\/ca\\\/serveis\\\/\"]}]},{\"@type\":\"BreadcrumbList\",\"@id\":\"https:\\\/\\\/retolsdomensl.com\\\/ca\\\/serveis\\\/#breadcrumb\",\"itemListElement\":[{\"@type\":\"ListItem\",\"position\":1,\"name\":\"Portada\",\"item\":\"https:\\\/\\\/retolsdomensl.com\\\/ca\\\/home\\\/\"},{\"@type\":\"ListItem\",\"position\":2,\"name\":\"Serveis\"}]},{\"@type\":\"WebSite\",\"@id\":\"https:\\\/\\\/retolsdomensl.com\\\/ca\\\/#website\",\"url\":\"https:\\\/\\\/retolsdomensl.com\\\/ca\\\/\",\"name\":\"R\u00e8tols Domen\",\"description\":\"R\u00f3tulos, vinilos, veh\u00edculos, lonas,, elementos publicitarios, equipamiento comercial, l\u00e1minas de control solar para edificios.\",\"publisher\":{\"@id\":\"https:\\\/\\\/retolsdomensl.com\\\/ca\\\/#organization\"},\"potentialAction\":[{\"@type\":\"SearchAction\",\"target\":{\"@type\":\"EntryPoint\",\"urlTemplate\":\"https:\\\/\\\/retolsdomensl.com\\\/ca\\\/?s={search_term_string}\"},\"query-input\":{\"@type\":\"PropertyValueSpecification\",\"valueRequired\":true,\"valueName\":\"search_term_string\"}}],\"inLanguage\":\"ca\"},{\"@type\":\"Organization\",\"@id\":\"https:\\\/\\\/retolsdomensl.com\\\/ca\\\/#organization\",\"name\":\"R\u00e8tols Domen\",\"url\":\"https:\\\/\\\/retolsdomensl.com\\\/ca\\\/\",\"logo\":{\"@type\":\"ImageObject\",\"inLanguage\":\"ca\",\"@id\":\"https:\\\/\\\/retolsdomensl.com\\\/ca\\\/#\\\/schema\\\/logo\\\/image\\\/\",\"url\":\"https:\\\/\\\/retolsdomensl.com\\\/wp-content\\\/uploads\\\/2023\\\/05\\\/logo-retols-domen-footer.png\",\"contentUrl\":\"https:\\\/\\\/retolsdomensl.com\\\/wp-content\\\/uploads\\\/2023\\\/05\\\/logo-retols-domen-footer.png\",\"width\":1250,\"height\":206,\"caption\":\"R\u00e8tols Domen\"},\"image\":{\"@id\":\"https:\\\/\\\/retolsdomensl.com\\\/ca\\\/#\\\/schema\\\/logo\\\/image\\\/\"},\"sameAs\":[\"https:\\\/\\\/retolsdomensl.com\\\/img\\\/instagram-tanto-tiento.png\"]}]}<\/script>\n<!-- \/ Yoast SEO plugin. -->","yoast_head_json":{"title":"Serveis - R\u00e8tols Domen","robots":{"index":"index","follow":"follow","max-snippet":"max-snippet:-1","max-image-preview":"max-image-preview:large","max-video-preview":"max-video-preview:-1"},"canonical":"https:\/\/retolsdomensl.com\/ca\/serveis\/","og_locale":"ca_ES","og_type":"article","og_title":"Serveis - R\u00e8tols Domen","og_url":"https:\/\/retolsdomensl.com\/ca\/serveis\/","og_site_name":"R\u00e8tols Domen","article_modified_time":"2023-07-13T14:09:19+00:00","twitter_card":"summary_large_image","twitter_misc":{"Temps estimat de lectura":"7 minuts"},"schema":{"@context":"https:\/\/schema.org","@graph":[{"@type":"WebPage","@id":"https:\/\/retolsdomensl.com\/ca\/serveis\/","url":"https:\/\/retolsdomensl.com\/ca\/serveis\/","name":"Serveis - R\u00e8tols Domen","isPartOf":{"@id":"https:\/\/retolsdomensl.com\/ca\/#website"},"datePublished":"2023-06-13T13:34:23+00:00","dateModified":"2023-07-13T14:09:19+00:00","breadcrumb":{"@id":"https:\/\/retolsdomensl.com\/ca\/serveis\/#breadcrumb"},"inLanguage":"ca","potentialAction":[{"@type":"ReadAction","target":["https:\/\/retolsdomensl.com\/ca\/serveis\/"]}]},{"@type":"BreadcrumbList","@id":"https:\/\/retolsdomensl.com\/ca\/serveis\/#breadcrumb","itemListElement":[{"@type":"ListItem","position":1,"name":"Portada","item":"https:\/\/retolsdomensl.com\/ca\/home\/"},{"@type":"ListItem","position":2,"name":"Serveis"}]},{"@type":"WebSite","@id":"https:\/\/retolsdomensl.com\/ca\/#website","url":"https:\/\/retolsdomensl.com\/ca\/","name":"R\u00e8tols Domen","description":"R\u00f3tulos, vinilos, veh\u00edculos, lonas,, elementos publicitarios, equipamiento comercial, l\u00e1minas de control solar para edificios.","publisher":{"@id":"https:\/\/retolsdomensl.com\/ca\/#organization"},"potentialAction":[{"@type":"SearchAction","target":{"@type":"EntryPoint","urlTemplate":"https:\/\/retolsdomensl.com\/ca\/?s={search_term_string}"},"query-input":{"@type":"PropertyValueSpecification","valueRequired":true,"valueName":"search_term_string"}}],"inLanguage":"ca"},{"@type":"Organization","@id":"https:\/\/retolsdomensl.com\/ca\/#organization","name":"R\u00e8tols Domen","url":"https:\/\/retolsdomensl.com\/ca\/","logo":{"@type":"ImageObject","inLanguage":"ca","@id":"https:\/\/retolsdomensl.com\/ca\/#\/schema\/logo\/image\/","url":"https:\/\/retolsdomensl.com\/wp-content\/uploads\/2023\/05\/logo-retols-domen-footer.png","contentUrl":"https:\/\/retolsdomensl.com\/wp-content\/uploads\/2023\/05\/logo-retols-domen-footer.png","width":1250,"height":206,"caption":"R\u00e8tols Domen"},"image":{"@id":"https:\/\/retolsdomensl.com\/ca\/#\/schema\/logo\/image\/"},"sameAs":["https:\/\/retolsdomensl.com\/img\/instagram-tanto-tiento.png"]}]}},"_links":{"self":[{"href":"https:\/\/retolsdomensl.com\/ca\/wp-json\/wp\/v2\/pages\/553","targetHints":{"allow":["GET"]}}],"collection":[{"href":"https:\/\/retolsdomensl.com\/ca\/wp-json\/wp\/v2\/pages"}],"about":[{"href":"https:\/\/retolsdomensl.com\/ca\/wp-json\/wp\/v2\/types\/page"}],"author":[{"embeddable":true,"href":"https:\/\/retolsdomensl.com\/ca\/wp-json\/wp\/v2\/users\/1"}],"replies":[{"embeddable":true,"href":"https:\/\/retolsdomensl.com\/ca\/wp-json\/wp\/v2\/comments?post=553"}],"version-history":[{"count":6,"href":"https:\/\/retolsdomensl.com\/ca\/wp-json\/wp\/v2\/pages\/553\/revisions"}],"predecessor-version":[{"id":682,"href":"https:\/\/retolsdomensl.com\/ca\/wp-json\/wp\/v2\/pages\/553\/revisions\/682"}],"wp:attachment":[{"href":"https:\/\/retolsdomensl.com\/ca\/wp-json\/wp\/v2\/media?parent=553"}],"curies":[{"name":"wp","href":"https:\/\/api.w.org\/{rel}","templated":true}]}}