{"id":552,"date":"2023-06-02T09:12:36","date_gmt":"2023-06-02T09:12:36","guid":{"rendered":"https:\/\/retols.h2ocomunicacio.com\/?page_id=552"},"modified":"2023-07-14T10:29:47","modified_gmt":"2023-07-14T10:29:47","slug":"elementos-publicitarios","status":"publish","type":"page","link":"https:\/\/retolsdomensl.com\/ca\/serveis\/elementos-publicitarios\/","title":{"rendered":"Elements Publicitaris"},"content":{"rendered":"<div  class='flex_column av-a10qb-95fd8985bc45cff2a5fda52a4a659b42 av_one_full  avia-builder-el-0  el_before_av_one_fourth  avia-builder-el-first  first flex_column_div  '     ><section  class='av_textblock_section av-94u5z-19f820ffe227d6172a2adb0ff95d4eb1 '   itemscope=\"itemscope\" itemtype=\"https:\/\/schema.org\/CreativeWork\" ><div class='avia_textblock'  itemprop=\"text\" ><h1 style=\"text-align: center;\">ELEMENTS PUBLICITARIS<\/h1>\n<\/div><\/section><br \/>\n\n<style type=\"text\/css\" data-created_by=\"avia_inline_auto\" id=\"style-css-av-8o3b7-8c56603978485603f11c6589435b514c\">\n#top .hr.hr-invisible.av-8o3b7-8c56603978485603f11c6589435b514c{\nheight:30px;\n}\n<\/style>\n<div  class='hr av-8o3b7-8c56603978485603f11c6589435b514c hr-invisible  avia-builder-el-2  el_after_av_textblock  el_before_av_textblock '><span class='hr-inner '><span class=\"hr-inner-style\"><\/span><\/span><\/div><br \/>\n<section  class='av_textblock_section av-81sor-1b9f177c9131276e27b0d8859d85b93a '   itemscope=\"itemscope\" itemtype=\"https:\/\/schema.org\/CreativeWork\" ><div class='avia_textblock'  itemprop=\"text\" ><p style=\"text-align: center;\">En R\u00e8tols Domin de Matar\u00f3 creem la imatge gr\u00e0fica del teu negoci amb elements publicitaris a joc amb el teu br\u00e0nding. T&#8217;informem!<\/p>\n<\/div><\/section><\/p><\/div><div class='flex_column_table av-7mrmz-5a46a9d38f5e25ee121d16bc3fd34ca5 sc-av_one_fourth av-equal-height-column-flextable'>\n<style type=\"text\/css\" data-created_by=\"avia_inline_auto\" id=\"style-css-av-7mrmz-5a46a9d38f5e25ee121d16bc3fd34ca5\">\n.flex_column.av-7mrmz-5a46a9d38f5e25ee121d16bc3fd34ca5{\npadding:0 20px 0 0;\n}\n<\/style>\n<div  class='flex_column av-7mrmz-5a46a9d38f5e25ee121d16bc3fd34ca5 av_one_fourth  avia-builder-el-4  el_after_av_one_full  el_before_av_one_fourth  first no_margin flex_column_table_cell av-equal-height-column av-align-top  column-top-margin'     ><p>\n<style type=\"text\/css\" data-created_by=\"avia_inline_auto\" id=\"style-css-av-6v6i7-a9488ecfddcae0a2279462af5e6b6bba\">\n.avia-image-container.av-6v6i7-a9488ecfddcae0a2279462af5e6b6bba img.avia_image{\nbox-shadow:none;\n}\n.avia-image-container.av-6v6i7-a9488ecfddcae0a2279462af5e6b6bba .av-image-caption-overlay-center{\ncolor:#ffffff;\n}\n<\/style>\n<div  class='avia-image-container av-6v6i7-a9488ecfddcae0a2279462af5e6b6bba av-styling- avia-align-center  avia-builder-el-5  el_before_av_textblock  avia-builder-el-first '   itemprop=\"image\" itemscope=\"itemscope\" itemtype=\"https:\/\/schema.org\/ImageObject\" ><div class=\"avia-image-container-inner\"><div class=\"avia-image-overlay-wrap\"><img decoding=\"async\" fetchpriority=\"high\" class='wp-image-321 avia-img-lazy-loading-not-321 avia_image ' src=\"https:\/\/retolsdomensl.com\/wp-content\/uploads\/2023\/06\/element-publi-1-300x300.jpg\" alt='' title='element publi 1'  height=\"300\" width=\"300\"  itemprop=\"thumbnailUrl\" srcset=\"https:\/\/retolsdomensl.com\/wp-content\/uploads\/2023\/06\/element-publi-1-300x300.jpg 300w, https:\/\/retolsdomensl.com\/wp-content\/uploads\/2023\/06\/element-publi-1-80x80.jpg 80w, https:\/\/retolsdomensl.com\/wp-content\/uploads\/2023\/06\/element-publi-1-768x768.jpg 768w, https:\/\/retolsdomensl.com\/wp-content\/uploads\/2023\/06\/element-publi-1-36x36.jpg 36w, https:\/\/retolsdomensl.com\/wp-content\/uploads\/2023\/06\/element-publi-1-180x180.jpg 180w, https:\/\/retolsdomensl.com\/wp-content\/uploads\/2023\/06\/element-publi-1-705x705.jpg 705w, https:\/\/retolsdomensl.com\/wp-content\/uploads\/2023\/06\/element-publi-1.jpg 800w\" sizes=\"(max-width: 300px) 100vw, 300px\" \/><\/div><\/div><\/div><br \/>\n<section  class='av_textblock_section av-6a3h7-5c09020e635b274c6a3158e89415e687 '   itemscope=\"itemscope\" itemtype=\"https:\/\/schema.org\/CreativeWork\" ><div class='avia_textblock'  itemprop=\"text\" ><h5 style=\"text-align: center;\">Prestatgeria<\/h5>\n<\/div><\/section><\/p><\/div>\n<style type=\"text\/css\" data-created_by=\"avia_inline_auto\" id=\"style-css-av-5ferr-d55a14a9545e4394f6dd9cf66cdfaf94\">\n.flex_column.av-5ferr-d55a14a9545e4394f6dd9cf66cdfaf94{\npadding:0 20px 0 0;\n}\n<\/style>\n<div  class='flex_column av-5ferr-d55a14a9545e4394f6dd9cf66cdfaf94 av_one_fourth  avia-builder-el-7  el_after_av_one_fourth  el_before_av_one_fourth  no_margin flex_column_table_cell av-equal-height-column av-align-top  column-top-margin'     ><p>\n<style type=\"text\/css\" data-created_by=\"avia_inline_auto\" id=\"style-css-av-4uidn-efe49cf635234c38a744c37bd4fdf404\">\n.avia-image-container.av-4uidn-efe49cf635234c38a744c37bd4fdf404 img.avia_image{\nbox-shadow:none;\n}\n.avia-image-container.av-4uidn-efe49cf635234c38a744c37bd4fdf404 .av-image-caption-overlay-center{\ncolor:#ffffff;\n}\n<\/style>\n<div  class='avia-image-container av-4uidn-efe49cf635234c38a744c37bd4fdf404 av-styling- avia-align-center  avia-builder-el-8  el_before_av_textblock  avia-builder-el-first '   itemprop=\"image\" itemscope=\"itemscope\" itemtype=\"https:\/\/schema.org\/ImageObject\" ><div class=\"avia-image-container-inner\"><div class=\"avia-image-overlay-wrap\"><img decoding=\"async\" fetchpriority=\"high\" class='wp-image-323 avia-img-lazy-loading-not-323 avia_image ' src=\"https:\/\/retolsdomensl.com\/wp-content\/uploads\/2023\/06\/elem-publi-3-300x300.jpg\" alt='' title='elem publi 3'  height=\"300\" width=\"300\"  itemprop=\"thumbnailUrl\" srcset=\"https:\/\/retolsdomensl.com\/wp-content\/uploads\/2023\/06\/elem-publi-3-300x300.jpg 300w, https:\/\/retolsdomensl.com\/wp-content\/uploads\/2023\/06\/elem-publi-3-80x80.jpg 80w, https:\/\/retolsdomensl.com\/wp-content\/uploads\/2023\/06\/elem-publi-3-768x768.jpg 768w, https:\/\/retolsdomensl.com\/wp-content\/uploads\/2023\/06\/elem-publi-3-36x36.jpg 36w, https:\/\/retolsdomensl.com\/wp-content\/uploads\/2023\/06\/elem-publi-3-180x180.jpg 180w, https:\/\/retolsdomensl.com\/wp-content\/uploads\/2023\/06\/elem-publi-3-705x705.jpg 705w, https:\/\/retolsdomensl.com\/wp-content\/uploads\/2023\/06\/elem-publi-3.jpg 800w\" sizes=\"(max-width: 300px) 100vw, 300px\" \/><\/div><\/div><\/div><br \/>\n<section  class='av_textblock_section av-48ulf-3ae6694968c149aef47c056a61ab6079 '   itemscope=\"itemscope\" itemtype=\"https:\/\/schema.org\/CreativeWork\" ><div class='avia_textblock'  itemprop=\"text\" ><h5 style=\"text-align: center;\">Frontal<\/h5>\n<\/div><\/section><\/p><\/div><\/p>\n\n<style type=\"text\/css\" data-created_by=\"avia_inline_auto\" id=\"style-css-av-3n5f7-0146548dd202c6332a7e470f3558bb6c\">\n.flex_column.av-3n5f7-0146548dd202c6332a7e470f3558bb6c{\npadding:0 20px 0 0;\n}\n<\/style>\n<div  class='flex_column av-3n5f7-0146548dd202c6332a7e470f3558bb6c av_one_fourth  avia-builder-el-10  el_after_av_one_fourth  el_before_av_one_fourth  no_margin flex_column_table_cell av-equal-height-column av-align-top  column-top-margin'     ><p>\n<style type=\"text\/css\" data-created_by=\"avia_inline_auto\" id=\"style-css-av-37tnb-ac2853ff98b69933d26f136d948c2f9b\">\n.avia-image-container.av-37tnb-ac2853ff98b69933d26f136d948c2f9b img.avia_image{\nbox-shadow:none;\n}\n.avia-image-container.av-37tnb-ac2853ff98b69933d26f136d948c2f9b .av-image-caption-overlay-center{\ncolor:#ffffff;\n}\n<\/style>\n<div  class='avia-image-container av-37tnb-ac2853ff98b69933d26f136d948c2f9b av-styling- avia-align-center  avia-builder-el-11  el_before_av_textblock  avia-builder-el-first '   itemprop=\"image\" itemscope=\"itemscope\" itemtype=\"https:\/\/schema.org\/ImageObject\" ><div class=\"avia-image-container-inner\"><div class=\"avia-image-overlay-wrap\"><img decoding=\"async\" fetchpriority=\"high\" class='wp-image-325 avia-img-lazy-loading-not-325 avia_image ' src=\"https:\/\/retolsdomensl.com\/wp-content\/uploads\/2023\/06\/elem-publi-2-300x300.jpg\" alt='' title='elem publi 2'  height=\"300\" width=\"300\"  itemprop=\"thumbnailUrl\" srcset=\"https:\/\/retolsdomensl.com\/wp-content\/uploads\/2023\/06\/elem-publi-2-300x300.jpg 300w, https:\/\/retolsdomensl.com\/wp-content\/uploads\/2023\/06\/elem-publi-2-80x80.jpg 80w, https:\/\/retolsdomensl.com\/wp-content\/uploads\/2023\/06\/elem-publi-2-768x768.jpg 768w, https:\/\/retolsdomensl.com\/wp-content\/uploads\/2023\/06\/elem-publi-2-36x36.jpg 36w, https:\/\/retolsdomensl.com\/wp-content\/uploads\/2023\/06\/elem-publi-2-180x180.jpg 180w, https:\/\/retolsdomensl.com\/wp-content\/uploads\/2023\/06\/elem-publi-2-705x705.jpg 705w, https:\/\/retolsdomensl.com\/wp-content\/uploads\/2023\/06\/elem-publi-2.jpg 800w\" sizes=\"(max-width: 300px) 100vw, 300px\" \/><\/div><\/div><\/div><br \/>\n<section  class='av_textblock_section av-av_textblock-7a1af7d8f9790576b1769c0a9f0449ed '   itemscope=\"itemscope\" itemtype=\"https:\/\/schema.org\/CreativeWork\" ><div class='avia_textblock'  itemprop=\"text\" ><h5 style=\"text-align: center;\">Prestatgeria<\/h5>\n<\/div><\/section><\/p><\/div>\n<style type=\"text\/css\" data-created_by=\"avia_inline_auto\" id=\"style-css-av-1yryr-f147b2c93cc4198077ffd8566b530d35\">\n.flex_column.av-1yryr-f147b2c93cc4198077ffd8566b530d35{\npadding:0 20px 0 0;\n}\n<\/style>\n<div  class='flex_column av-1yryr-f147b2c93cc4198077ffd8566b530d35 av_one_fourth  avia-builder-el-13  el_after_av_one_fourth  avia-builder-el-last  no_margin flex_column_table_cell av-equal-height-column av-align-top  column-top-margin'     ><p>\n<style type=\"text\/css\" data-created_by=\"avia_inline_auto\" id=\"style-css-av-1gibr-7870321d41e0e5c72bf18d433bdee5ab\">\n.avia-image-container.av-1gibr-7870321d41e0e5c72bf18d433bdee5ab img.avia_image{\nbox-shadow:none;\n}\n.avia-image-container.av-1gibr-7870321d41e0e5c72bf18d433bdee5ab .av-image-caption-overlay-center{\ncolor:#ffffff;\n}\n<\/style>\n<div  class='avia-image-container av-1gibr-7870321d41e0e5c72bf18d433bdee5ab av-styling- avia-align-center  avia-builder-el-14  el_before_av_textblock  avia-builder-el-first '   itemprop=\"image\" itemscope=\"itemscope\" itemtype=\"https:\/\/schema.org\/ImageObject\" ><div class=\"avia-image-container-inner\"><div class=\"avia-image-overlay-wrap\"><img decoding=\"async\" fetchpriority=\"high\" class='wp-image-327 avia-img-lazy-loading-not-327 avia_image ' src=\"https:\/\/retolsdomensl.com\/wp-content\/uploads\/2023\/06\/elem-publi-4-300x300.jpg\" alt='' title='elem publi 4'  height=\"300\" width=\"300\"  itemprop=\"thumbnailUrl\" srcset=\"https:\/\/retolsdomensl.com\/wp-content\/uploads\/2023\/06\/elem-publi-4-300x300.jpg 300w, https:\/\/retolsdomensl.com\/wp-content\/uploads\/2023\/06\/elem-publi-4-80x80.jpg 80w, https:\/\/retolsdomensl.com\/wp-content\/uploads\/2023\/06\/elem-publi-4-768x768.jpg 768w, https:\/\/retolsdomensl.com\/wp-content\/uploads\/2023\/06\/elem-publi-4-36x36.jpg 36w, https:\/\/retolsdomensl.com\/wp-content\/uploads\/2023\/06\/elem-publi-4-180x180.jpg 180w, https:\/\/retolsdomensl.com\/wp-content\/uploads\/2023\/06\/elem-publi-4-705x705.jpg 705w, https:\/\/retolsdomensl.com\/wp-content\/uploads\/2023\/06\/elem-publi-4.jpg 800w\" sizes=\"(max-width: 300px) 100vw, 300px\" \/><\/div><\/div><\/div><br \/>\n<section  class='av_textblock_section av-lk2ft8ow-1320415f287699c8a1e53edc9d9a4568 '   itemscope=\"itemscope\" itemtype=\"https:\/\/schema.org\/CreativeWork\" ><div class='avia_textblock'  itemprop=\"text\" ><h5 style=\"text-align: center;\">Prestatgeria amb Iluminaci\u00f3<\/h5>\n<\/div><\/section><\/p><\/div><\/div><!--close column table wrapper. Autoclose: 1 --><\/p>\n","protected":false},"excerpt":{"rendered":"","protected":false},"author":1,"featured_media":0,"parent":553,"menu_order":0,"comment_status":"closed","ping_status":"closed","template":"","meta":{"footnotes":""},"class_list":["post-552","page","type-page","status-publish","hentry"],"yoast_head":"<!-- This site is optimized with the Yoast SEO plugin v27.4 - https:\/\/yoast.com\/product\/yoast-seo-wordpress\/ -->\n<title>Elements Publicitaris - R\u00e8tols Domen<\/title>\n<meta name=\"robots\" content=\"index, follow, max-snippet:-1, max-image-preview:large, max-video-preview:-1\" \/>\n<link rel=\"canonical\" href=\"https:\/\/retolsdomensl.com\/ca\/serveis\/elementos-publicitarios\/\" \/>\n<meta property=\"og:locale\" content=\"ca_ES\" \/>\n<meta property=\"og:type\" content=\"article\" \/>\n<meta property=\"og:title\" content=\"Elements Publicitaris - R\u00e8tols Domen\" \/>\n<meta property=\"og:url\" content=\"https:\/\/retolsdomensl.com\/ca\/serveis\/elementos-publicitarios\/\" \/>\n<meta property=\"og:site_name\" content=\"R\u00e8tols Domen\" \/>\n<meta property=\"article:modified_time\" content=\"2023-07-14T10:29:47+00:00\" \/>\n<meta name=\"twitter:card\" content=\"summary_large_image\" \/>\n<meta name=\"twitter:label1\" content=\"Temps estimat de lectura\" \/>\n\t<meta name=\"twitter:data1\" content=\"5 minuts\" \/>\n<script type=\"application\/ld+json\" class=\"yoast-schema-graph\">{\"@context\":\"https:\\\/\\\/schema.org\",\"@graph\":[{\"@type\":\"WebPage\",\"@id\":\"https:\\\/\\\/retolsdomensl.com\\\/ca\\\/serveis\\\/elementos-publicitarios\\\/\",\"url\":\"https:\\\/\\\/retolsdomensl.com\\\/ca\\\/serveis\\\/elementos-publicitarios\\\/\",\"name\":\"Elements Publicitaris - R\u00e8tols Domen\",\"isPartOf\":{\"@id\":\"https:\\\/\\\/retolsdomensl.com\\\/ca\\\/#website\"},\"datePublished\":\"2023-06-02T09:12:36+00:00\",\"dateModified\":\"2023-07-14T10:29:47+00:00\",\"breadcrumb\":{\"@id\":\"https:\\\/\\\/retolsdomensl.com\\\/ca\\\/serveis\\\/elementos-publicitarios\\\/#breadcrumb\"},\"inLanguage\":\"ca\",\"potentialAction\":[{\"@type\":\"ReadAction\",\"target\":[\"https:\\\/\\\/retolsdomensl.com\\\/ca\\\/serveis\\\/elementos-publicitarios\\\/\"]}]},{\"@type\":\"BreadcrumbList\",\"@id\":\"https:\\\/\\\/retolsdomensl.com\\\/ca\\\/serveis\\\/elementos-publicitarios\\\/#breadcrumb\",\"itemListElement\":[{\"@type\":\"ListItem\",\"position\":1,\"name\":\"Portada\",\"item\":\"https:\\\/\\\/retolsdomensl.com\\\/ca\\\/home\\\/\"},{\"@type\":\"ListItem\",\"position\":2,\"name\":\"Serveis\",\"item\":\"https:\\\/\\\/retolsdomensl.com\\\/ca\\\/serveis\\\/\"},{\"@type\":\"ListItem\",\"position\":3,\"name\":\"Elements Publicitaris\"}]},{\"@type\":\"WebSite\",\"@id\":\"https:\\\/\\\/retolsdomensl.com\\\/ca\\\/#website\",\"url\":\"https:\\\/\\\/retolsdomensl.com\\\/ca\\\/\",\"name\":\"R\u00e8tols Domen\",\"description\":\"R\u00f3tulos, vinilos, veh\u00edculos, lonas,, elementos publicitarios, equipamiento comercial, l\u00e1minas de control solar para edificios.\",\"publisher\":{\"@id\":\"https:\\\/\\\/retolsdomensl.com\\\/ca\\\/#organization\"},\"potentialAction\":[{\"@type\":\"SearchAction\",\"target\":{\"@type\":\"EntryPoint\",\"urlTemplate\":\"https:\\\/\\\/retolsdomensl.com\\\/ca\\\/?s={search_term_string}\"},\"query-input\":{\"@type\":\"PropertyValueSpecification\",\"valueRequired\":true,\"valueName\":\"search_term_string\"}}],\"inLanguage\":\"ca\"},{\"@type\":\"Organization\",\"@id\":\"https:\\\/\\\/retolsdomensl.com\\\/ca\\\/#organization\",\"name\":\"R\u00e8tols Domen\",\"url\":\"https:\\\/\\\/retolsdomensl.com\\\/ca\\\/\",\"logo\":{\"@type\":\"ImageObject\",\"inLanguage\":\"ca\",\"@id\":\"https:\\\/\\\/retolsdomensl.com\\\/ca\\\/#\\\/schema\\\/logo\\\/image\\\/\",\"url\":\"https:\\\/\\\/retolsdomensl.com\\\/wp-content\\\/uploads\\\/2023\\\/05\\\/logo-retols-domen-footer.png\",\"contentUrl\":\"https:\\\/\\\/retolsdomensl.com\\\/wp-content\\\/uploads\\\/2023\\\/05\\\/logo-retols-domen-footer.png\",\"width\":1250,\"height\":206,\"caption\":\"R\u00e8tols Domen\"},\"image\":{\"@id\":\"https:\\\/\\\/retolsdomensl.com\\\/ca\\\/#\\\/schema\\\/logo\\\/image\\\/\"},\"sameAs\":[\"https:\\\/\\\/retolsdomensl.com\\\/img\\\/instagram-tanto-tiento.png\"]}]}<\/script>\n<!-- \/ Yoast SEO plugin. -->","yoast_head_json":{"title":"Elements Publicitaris - R\u00e8tols Domen","robots":{"index":"index","follow":"follow","max-snippet":"max-snippet:-1","max-image-preview":"max-image-preview:large","max-video-preview":"max-video-preview:-1"},"canonical":"https:\/\/retolsdomensl.com\/ca\/serveis\/elementos-publicitarios\/","og_locale":"ca_ES","og_type":"article","og_title":"Elements Publicitaris - R\u00e8tols Domen","og_url":"https:\/\/retolsdomensl.com\/ca\/serveis\/elementos-publicitarios\/","og_site_name":"R\u00e8tols Domen","article_modified_time":"2023-07-14T10:29:47+00:00","twitter_card":"summary_large_image","twitter_misc":{"Temps estimat de lectura":"5 minuts"},"schema":{"@context":"https:\/\/schema.org","@graph":[{"@type":"WebPage","@id":"https:\/\/retolsdomensl.com\/ca\/serveis\/elementos-publicitarios\/","url":"https:\/\/retolsdomensl.com\/ca\/serveis\/elementos-publicitarios\/","name":"Elements Publicitaris - R\u00e8tols Domen","isPartOf":{"@id":"https:\/\/retolsdomensl.com\/ca\/#website"},"datePublished":"2023-06-02T09:12:36+00:00","dateModified":"2023-07-14T10:29:47+00:00","breadcrumb":{"@id":"https:\/\/retolsdomensl.com\/ca\/serveis\/elementos-publicitarios\/#breadcrumb"},"inLanguage":"ca","potentialAction":[{"@type":"ReadAction","target":["https:\/\/retolsdomensl.com\/ca\/serveis\/elementos-publicitarios\/"]}]},{"@type":"BreadcrumbList","@id":"https:\/\/retolsdomensl.com\/ca\/serveis\/elementos-publicitarios\/#breadcrumb","itemListElement":[{"@type":"ListItem","position":1,"name":"Portada","item":"https:\/\/retolsdomensl.com\/ca\/home\/"},{"@type":"ListItem","position":2,"name":"Serveis","item":"https:\/\/retolsdomensl.com\/ca\/serveis\/"},{"@type":"ListItem","position":3,"name":"Elements Publicitaris"}]},{"@type":"WebSite","@id":"https:\/\/retolsdomensl.com\/ca\/#website","url":"https:\/\/retolsdomensl.com\/ca\/","name":"R\u00e8tols Domen","description":"R\u00f3tulos, vinilos, veh\u00edculos, lonas,, elementos publicitarios, equipamiento comercial, l\u00e1minas de control solar para edificios.","publisher":{"@id":"https:\/\/retolsdomensl.com\/ca\/#organization"},"potentialAction":[{"@type":"SearchAction","target":{"@type":"EntryPoint","urlTemplate":"https:\/\/retolsdomensl.com\/ca\/?s={search_term_string}"},"query-input":{"@type":"PropertyValueSpecification","valueRequired":true,"valueName":"search_term_string"}}],"inLanguage":"ca"},{"@type":"Organization","@id":"https:\/\/retolsdomensl.com\/ca\/#organization","name":"R\u00e8tols Domen","url":"https:\/\/retolsdomensl.com\/ca\/","logo":{"@type":"ImageObject","inLanguage":"ca","@id":"https:\/\/retolsdomensl.com\/ca\/#\/schema\/logo\/image\/","url":"https:\/\/retolsdomensl.com\/wp-content\/uploads\/2023\/05\/logo-retols-domen-footer.png","contentUrl":"https:\/\/retolsdomensl.com\/wp-content\/uploads\/2023\/05\/logo-retols-domen-footer.png","width":1250,"height":206,"caption":"R\u00e8tols Domen"},"image":{"@id":"https:\/\/retolsdomensl.com\/ca\/#\/schema\/logo\/image\/"},"sameAs":["https:\/\/retolsdomensl.com\/img\/instagram-tanto-tiento.png"]}]}},"_links":{"self":[{"href":"https:\/\/retolsdomensl.com\/ca\/wp-json\/wp\/v2\/pages\/552","targetHints":{"allow":["GET"]}}],"collection":[{"href":"https:\/\/retolsdomensl.com\/ca\/wp-json\/wp\/v2\/pages"}],"about":[{"href":"https:\/\/retolsdomensl.com\/ca\/wp-json\/wp\/v2\/types\/page"}],"author":[{"embeddable":true,"href":"https:\/\/retolsdomensl.com\/ca\/wp-json\/wp\/v2\/users\/1"}],"replies":[{"embeddable":true,"href":"https:\/\/retolsdomensl.com\/ca\/wp-json\/wp\/v2\/comments?post=552"}],"version-history":[{"count":8,"href":"https:\/\/retolsdomensl.com\/ca\/wp-json\/wp\/v2\/pages\/552\/revisions"}],"predecessor-version":[{"id":695,"href":"https:\/\/retolsdomensl.com\/ca\/wp-json\/wp\/v2\/pages\/552\/revisions\/695"}],"up":[{"embeddable":true,"href":"https:\/\/retolsdomensl.com\/ca\/wp-json\/wp\/v2\/pages\/553"}],"wp:attachment":[{"href":"https:\/\/retolsdomensl.com\/ca\/wp-json\/wp\/v2\/media?parent=552"}],"curies":[{"name":"wp","href":"https:\/\/api.w.org\/{rel}","templated":true}]}}