{"id":551,"date":"2023-06-02T09:12:09","date_gmt":"2023-06-02T09:12:09","guid":{"rendered":"https:\/\/retols.h2ocomunicacio.com\/?page_id=551"},"modified":"2023-07-14T10:12:55","modified_gmt":"2023-07-14T10:12:55","slug":"lonas","status":"publish","type":"page","link":"https:\/\/retolsdomensl.com\/ca\/serveis\/lonas\/","title":{"rendered":"Lones"},"content":{"rendered":"<div  class='flex_column av-9s2cp-7e5fc338bc335576d54c57c6de451406 av_one_full  avia-builder-el-0  el_before_av_one_fourth  avia-builder-el-first  first flex_column_div  '     ><section  class='av_textblock_section av-916g9-4d62c6692375d683c1b4f166d537e1a3 '   itemscope=\"itemscope\" itemtype=\"https:\/\/schema.org\/CreativeWork\" ><div class='avia_textblock'  itemprop=\"text\" ><h1 style=\"text-align: center;\">LONES<\/h1>\n<h3 style=\"text-align: center;\">Lones Publicit\u00e0ries<\/h3>\n<\/div><\/section><br \/>\n\n<style type=\"text\/css\" data-created_by=\"avia_inline_auto\" id=\"style-css-av-8ts8x-9821f9be0f4dce2474eb4cdf143f128e\">\n#top .hr.hr-invisible.av-8ts8x-9821f9be0f4dce2474eb4cdf143f128e{\nheight:30px;\n}\n<\/style>\n<div  class='hr av-8ts8x-9821f9be0f4dce2474eb4cdf143f128e hr-invisible  avia-builder-el-2  el_after_av_textblock  el_before_av_textblock '><span class='hr-inner '><span class=\"hr-inner-style\"><\/span><\/span><\/div><br \/>\n<section  class='av_textblock_section av-7ud0l-cac32b0b9fce7ac0b2867d4e4ff71cfc '   itemscope=\"itemscope\" itemtype=\"https:\/\/schema.org\/CreativeWork\" ><div class='avia_textblock'  itemprop=\"text\" ><p style=\"text-align: center;\">A R\u00e8tols Domen hem fet molts projectes amb lona publicit\u00e0ria. Si necessites que imprimim i col\u00b7loquem qualsevol element publicitari o decoratiu contacta amb nosaltres.<\/p>\n<\/div><\/section><\/p><\/div><div class='flex_column_table av-79hux-49e23769a4649deed3aca5fdc5067c8c sc-av_one_fourth av-equal-height-column-flextable'>\n<style type=\"text\/css\" data-created_by=\"avia_inline_auto\" id=\"style-css-av-79hux-49e23769a4649deed3aca5fdc5067c8c\">\n.flex_column.av-79hux-49e23769a4649deed3aca5fdc5067c8c{\npadding:0 20px 0 0;\n}\n<\/style>\n<div  class='flex_column av-79hux-49e23769a4649deed3aca5fdc5067c8c av_one_fourth  avia-builder-el-4  el_after_av_one_full  el_before_av_one_fourth  first no_margin flex_column_table_cell av-equal-height-column av-align-top  column-top-margin'     ><p>\n<style type=\"text\/css\" data-created_by=\"avia_inline_auto\" id=\"style-css-av-6q2jx-d9e955cd5cc491b24ef021814216c44a\">\n.avia-image-container.av-6q2jx-d9e955cd5cc491b24ef021814216c44a img.avia_image{\nbox-shadow:none;\n}\n.avia-image-container.av-6q2jx-d9e955cd5cc491b24ef021814216c44a .av-image-caption-overlay-center{\ncolor:#ffffff;\n}\n<\/style>\n<div  class='avia-image-container av-6q2jx-d9e955cd5cc491b24ef021814216c44a av-styling- avia-align-center  avia-builder-el-5  el_before_av_textblock  avia-builder-el-first '   itemprop=\"image\" itemscope=\"itemscope\" itemtype=\"https:\/\/schema.org\/ImageObject\" ><div class=\"avia-image-container-inner\"><div class=\"avia-image-overlay-wrap\"><img decoding=\"async\" fetchpriority=\"high\" class='wp-image-311 avia-img-lazy-loading-not-311 avia_image ' src=\"https:\/\/retolsdomensl.com\/wp-content\/uploads\/2023\/06\/lona-kitchen-300x300.jpg\" alt='' title='lona kitchen'  height=\"300\" width=\"300\"  itemprop=\"thumbnailUrl\" srcset=\"https:\/\/retolsdomensl.com\/wp-content\/uploads\/2023\/06\/lona-kitchen-300x300.jpg 300w, https:\/\/retolsdomensl.com\/wp-content\/uploads\/2023\/06\/lona-kitchen-80x80.jpg 80w, https:\/\/retolsdomensl.com\/wp-content\/uploads\/2023\/06\/lona-kitchen-768x768.jpg 768w, https:\/\/retolsdomensl.com\/wp-content\/uploads\/2023\/06\/lona-kitchen-36x36.jpg 36w, https:\/\/retolsdomensl.com\/wp-content\/uploads\/2023\/06\/lona-kitchen-180x180.jpg 180w, https:\/\/retolsdomensl.com\/wp-content\/uploads\/2023\/06\/lona-kitchen-705x705.jpg 705w, https:\/\/retolsdomensl.com\/wp-content\/uploads\/2023\/06\/lona-kitchen.jpg 800w\" sizes=\"(max-width: 300px) 100vw, 300px\" \/><\/div><\/div><\/div><br \/>\n<section  class='av_textblock_section av-6efnd-c9c493f0e058cd9b970d81e0fe5f4b83 '   itemscope=\"itemscope\" itemtype=\"https:\/\/schema.org\/CreativeWork\" ><div class='avia_textblock'  itemprop=\"text\" ><h5 style=\"text-align: center;\"><strong>Lona Exterior<\/strong><\/h5>\n<\/div><\/section><\/p><\/div><\/p>\n\n<style type=\"text\/css\" data-created_by=\"avia_inline_auto\" id=\"style-css-av-5m09p-de06a93d5f9f83384b99148d674c8115\">\n.flex_column.av-5m09p-de06a93d5f9f83384b99148d674c8115{\npadding:0 20px 0 0;\n}\n<\/style>\n<div  class='flex_column av-5m09p-de06a93d5f9f83384b99148d674c8115 av_one_fourth  avia-builder-el-7  el_after_av_one_fourth  el_before_av_one_fourth  no_margin flex_column_table_cell av-equal-height-column av-align-top  column-top-margin'     ><p>\n<style type=\"text\/css\" data-created_by=\"avia_inline_auto\" id=\"style-css-av-56i0h-9f361d5f7d85cbd49c762c0fbc84043f\">\n.avia-image-container.av-56i0h-9f361d5f7d85cbd49c762c0fbc84043f img.avia_image{\nbox-shadow:none;\n}\n.avia-image-container.av-56i0h-9f361d5f7d85cbd49c762c0fbc84043f .av-image-caption-overlay-center{\ncolor:#ffffff;\n}\n<\/style>\n<div  class='avia-image-container av-56i0h-9f361d5f7d85cbd49c762c0fbc84043f av-styling- avia-align-center  avia-builder-el-8  el_before_av_textblock  avia-builder-el-first '   itemprop=\"image\" itemscope=\"itemscope\" itemtype=\"https:\/\/schema.org\/ImageObject\" ><div class=\"avia-image-container-inner\"><div class=\"avia-image-overlay-wrap\"><img decoding=\"async\" fetchpriority=\"high\" class='wp-image-313 avia-img-lazy-loading-not-313 avia_image ' src=\"https:\/\/retolsdomensl.com\/wp-content\/uploads\/2023\/06\/lona-corporea-300x300.jpg\" alt='' title='lona corporea'  height=\"300\" width=\"300\"  itemprop=\"thumbnailUrl\" srcset=\"https:\/\/retolsdomensl.com\/wp-content\/uploads\/2023\/06\/lona-corporea-300x300.jpg 300w, https:\/\/retolsdomensl.com\/wp-content\/uploads\/2023\/06\/lona-corporea-80x80.jpg 80w, https:\/\/retolsdomensl.com\/wp-content\/uploads\/2023\/06\/lona-corporea-768x768.jpg 768w, https:\/\/retolsdomensl.com\/wp-content\/uploads\/2023\/06\/lona-corporea-36x36.jpg 36w, https:\/\/retolsdomensl.com\/wp-content\/uploads\/2023\/06\/lona-corporea-180x180.jpg 180w, https:\/\/retolsdomensl.com\/wp-content\/uploads\/2023\/06\/lona-corporea-705x705.jpg 705w, https:\/\/retolsdomensl.com\/wp-content\/uploads\/2023\/06\/lona-corporea.jpg 800w\" sizes=\"(max-width: 300px) 100vw, 300px\" \/><\/div><\/div><\/div><br \/>\n<section  class='av_textblock_section av-av_textblock-7a1af7d8f9790576b1769c0a9f0449ed '   itemscope=\"itemscope\" itemtype=\"https:\/\/schema.org\/CreativeWork\" ><div class='avia_textblock'  itemprop=\"text\" ><h5 style=\"text-align: center;\"><strong>Lona Exterior<\/strong><\/h5>\n<\/div><\/section><\/p><\/div>\n\n<style type=\"text\/css\" data-created_by=\"avia_inline_auto\" id=\"style-css-av-3x0wd-11cea24cd8d95e888eb9a60103ff7266\">\n.flex_column.av-3x0wd-11cea24cd8d95e888eb9a60103ff7266{\npadding:0 20px 0 0;\n}\n<\/style>\n<div  class='flex_column av-3x0wd-11cea24cd8d95e888eb9a60103ff7266 av_one_fourth  avia-builder-el-10  el_after_av_one_fourth  el_before_av_one_fourth  no_margin flex_column_table_cell av-equal-height-column av-align-top  column-top-margin'     ><p>\n<style type=\"text\/css\" data-created_by=\"avia_inline_auto\" id=\"style-css-av-38429-0224d52b49e8b6f9400d89e1f04431d4\">\n.avia-image-container.av-38429-0224d52b49e8b6f9400d89e1f04431d4 img.avia_image{\nbox-shadow:none;\n}\n.avia-image-container.av-38429-0224d52b49e8b6f9400d89e1f04431d4 .av-image-caption-overlay-center{\ncolor:#ffffff;\n}\n<\/style>\n<div  class='avia-image-container av-38429-0224d52b49e8b6f9400d89e1f04431d4 av-styling- avia-align-center  avia-builder-el-11  el_before_av_textblock  avia-builder-el-first '   itemprop=\"image\" itemscope=\"itemscope\" itemtype=\"https:\/\/schema.org\/ImageObject\" ><div class=\"avia-image-container-inner\"><div class=\"avia-image-overlay-wrap\"><img decoding=\"async\" fetchpriority=\"high\" class='wp-image-315 avia-img-lazy-loading-not-315 avia_image ' src=\"https:\/\/retolsdomensl.com\/wp-content\/uploads\/2023\/06\/lona-2-300x300.jpg\" alt='' title='lona 2'  height=\"300\" width=\"300\"  itemprop=\"thumbnailUrl\" srcset=\"https:\/\/retolsdomensl.com\/wp-content\/uploads\/2023\/06\/lona-2-300x300.jpg 300w, https:\/\/retolsdomensl.com\/wp-content\/uploads\/2023\/06\/lona-2-80x80.jpg 80w, https:\/\/retolsdomensl.com\/wp-content\/uploads\/2023\/06\/lona-2-768x768.jpg 768w, https:\/\/retolsdomensl.com\/wp-content\/uploads\/2023\/06\/lona-2-36x36.jpg 36w, https:\/\/retolsdomensl.com\/wp-content\/uploads\/2023\/06\/lona-2-180x180.jpg 180w, https:\/\/retolsdomensl.com\/wp-content\/uploads\/2023\/06\/lona-2-705x705.jpg 705w, https:\/\/retolsdomensl.com\/wp-content\/uploads\/2023\/06\/lona-2.jpg 800w\" sizes=\"(max-width: 300px) 100vw, 300px\" \/><\/div><\/div><\/div><br \/>\n<section  class='av_textblock_section av-av_textblock-7a1af7d8f9790576b1769c0a9f0449ed '   itemscope=\"itemscope\" itemtype=\"https:\/\/schema.org\/CreativeWork\" ><div class='avia_textblock'  itemprop=\"text\" ><h5 style=\"text-align: center;\"><strong>Lona Exterior<\/strong><\/h5>\n<\/div><\/section><\/p><\/div>\n\n<style type=\"text\/css\" data-created_by=\"avia_inline_auto\" id=\"style-css-av-22k89-f37ca2a87e39ba001cddc60a52614b5e\">\n.flex_column.av-22k89-f37ca2a87e39ba001cddc60a52614b5e{\npadding:0 20px 0 0;\n}\n<\/style>\n<div  class='flex_column av-22k89-f37ca2a87e39ba001cddc60a52614b5e av_one_fourth  avia-builder-el-13  el_after_av_one_fourth  avia-builder-el-last  no_margin flex_column_table_cell av-equal-height-column av-align-top  column-top-margin'     ><p>\n<style type=\"text\/css\" data-created_by=\"avia_inline_auto\" id=\"style-css-av-1drhd-f90915c2975a260a8df0a9e820d2adff\">\n.avia-image-container.av-1drhd-f90915c2975a260a8df0a9e820d2adff img.avia_image{\nbox-shadow:none;\n}\n.avia-image-container.av-1drhd-f90915c2975a260a8df0a9e820d2adff .av-image-caption-overlay-center{\ncolor:#ffffff;\n}\n<\/style>\n<div  class='avia-image-container av-1drhd-f90915c2975a260a8df0a9e820d2adff av-styling- avia-align-center  avia-builder-el-14  el_before_av_textblock  avia-builder-el-first '   itemprop=\"image\" itemscope=\"itemscope\" itemtype=\"https:\/\/schema.org\/ImageObject\" ><div class=\"avia-image-container-inner\"><div class=\"avia-image-overlay-wrap\"><img decoding=\"async\" fetchpriority=\"high\" class='wp-image-317 avia-img-lazy-loading-not-317 avia_image ' src=\"https:\/\/retolsdomensl.com\/wp-content\/uploads\/2023\/06\/lonalona-300x300.jpg\" alt='' title='lonalona'  height=\"300\" width=\"300\"  itemprop=\"thumbnailUrl\" srcset=\"https:\/\/retolsdomensl.com\/wp-content\/uploads\/2023\/06\/lonalona-300x300.jpg 300w, https:\/\/retolsdomensl.com\/wp-content\/uploads\/2023\/06\/lonalona-80x80.jpg 80w, https:\/\/retolsdomensl.com\/wp-content\/uploads\/2023\/06\/lonalona-768x768.jpg 768w, https:\/\/retolsdomensl.com\/wp-content\/uploads\/2023\/06\/lonalona-36x36.jpg 36w, https:\/\/retolsdomensl.com\/wp-content\/uploads\/2023\/06\/lonalona-180x180.jpg 180w, https:\/\/retolsdomensl.com\/wp-content\/uploads\/2023\/06\/lonalona-705x705.jpg 705w, https:\/\/retolsdomensl.com\/wp-content\/uploads\/2023\/06\/lonalona.jpg 800w\" sizes=\"(max-width: 300px) 100vw, 300px\" \/><\/div><\/div><\/div><br \/>\n<section  class='av_textblock_section av-av_textblock-7a1af7d8f9790576b1769c0a9f0449ed '   itemscope=\"itemscope\" itemtype=\"https:\/\/schema.org\/CreativeWork\" ><div class='avia_textblock'  itemprop=\"text\" ><h5 style=\"text-align: center;\"><strong>Lona Exterior<\/strong><\/h5>\n<\/div><\/section><\/p><\/div><\/div><!--close column table wrapper. Autoclose: 1 -->\n","protected":false},"excerpt":{"rendered":"","protected":false},"author":1,"featured_media":0,"parent":553,"menu_order":0,"comment_status":"closed","ping_status":"closed","template":"","meta":{"footnotes":""},"class_list":["post-551","page","type-page","status-publish","hentry"],"yoast_head":"<!-- This site is optimized with the Yoast SEO plugin v27.4 - https:\/\/yoast.com\/product\/yoast-seo-wordpress\/ -->\n<title>Lones - R\u00e8tols Domen<\/title>\n<meta name=\"robots\" content=\"index, follow, max-snippet:-1, max-image-preview:large, max-video-preview:-1\" \/>\n<link rel=\"canonical\" href=\"https:\/\/retolsdomensl.com\/ca\/serveis\/lonas\/\" \/>\n<meta property=\"og:locale\" content=\"ca_ES\" \/>\n<meta property=\"og:type\" content=\"article\" \/>\n<meta property=\"og:title\" content=\"Lones - R\u00e8tols Domen\" \/>\n<meta property=\"og:url\" content=\"https:\/\/retolsdomensl.com\/ca\/serveis\/lonas\/\" \/>\n<meta property=\"og:site_name\" content=\"R\u00e8tols Domen\" \/>\n<meta property=\"article:modified_time\" content=\"2023-07-14T10:12:55+00:00\" \/>\n<meta name=\"twitter:card\" content=\"summary_large_image\" \/>\n<meta name=\"twitter:label1\" content=\"Temps estimat de lectura\" \/>\n\t<meta name=\"twitter:data1\" content=\"6 minuts\" \/>\n<script type=\"application\/ld+json\" class=\"yoast-schema-graph\">{\"@context\":\"https:\\\/\\\/schema.org\",\"@graph\":[{\"@type\":\"WebPage\",\"@id\":\"https:\\\/\\\/retolsdomensl.com\\\/ca\\\/serveis\\\/lonas\\\/\",\"url\":\"https:\\\/\\\/retolsdomensl.com\\\/ca\\\/serveis\\\/lonas\\\/\",\"name\":\"Lones - R\u00e8tols Domen\",\"isPartOf\":{\"@id\":\"https:\\\/\\\/retolsdomensl.com\\\/ca\\\/#website\"},\"datePublished\":\"2023-06-02T09:12:09+00:00\",\"dateModified\":\"2023-07-14T10:12:55+00:00\",\"breadcrumb\":{\"@id\":\"https:\\\/\\\/retolsdomensl.com\\\/ca\\\/serveis\\\/lonas\\\/#breadcrumb\"},\"inLanguage\":\"ca\",\"potentialAction\":[{\"@type\":\"ReadAction\",\"target\":[\"https:\\\/\\\/retolsdomensl.com\\\/ca\\\/serveis\\\/lonas\\\/\"]}]},{\"@type\":\"BreadcrumbList\",\"@id\":\"https:\\\/\\\/retolsdomensl.com\\\/ca\\\/serveis\\\/lonas\\\/#breadcrumb\",\"itemListElement\":[{\"@type\":\"ListItem\",\"position\":1,\"name\":\"Portada\",\"item\":\"https:\\\/\\\/retolsdomensl.com\\\/ca\\\/home\\\/\"},{\"@type\":\"ListItem\",\"position\":2,\"name\":\"Serveis\",\"item\":\"https:\\\/\\\/retolsdomensl.com\\\/ca\\\/serveis\\\/\"},{\"@type\":\"ListItem\",\"position\":3,\"name\":\"Lones\"}]},{\"@type\":\"WebSite\",\"@id\":\"https:\\\/\\\/retolsdomensl.com\\\/ca\\\/#website\",\"url\":\"https:\\\/\\\/retolsdomensl.com\\\/ca\\\/\",\"name\":\"R\u00e8tols Domen\",\"description\":\"R\u00f3tulos, vinilos, veh\u00edculos, lonas,, elementos publicitarios, equipamiento comercial, l\u00e1minas de control solar para edificios.\",\"publisher\":{\"@id\":\"https:\\\/\\\/retolsdomensl.com\\\/ca\\\/#organization\"},\"potentialAction\":[{\"@type\":\"SearchAction\",\"target\":{\"@type\":\"EntryPoint\",\"urlTemplate\":\"https:\\\/\\\/retolsdomensl.com\\\/ca\\\/?s={search_term_string}\"},\"query-input\":{\"@type\":\"PropertyValueSpecification\",\"valueRequired\":true,\"valueName\":\"search_term_string\"}}],\"inLanguage\":\"ca\"},{\"@type\":\"Organization\",\"@id\":\"https:\\\/\\\/retolsdomensl.com\\\/ca\\\/#organization\",\"name\":\"R\u00e8tols Domen\",\"url\":\"https:\\\/\\\/retolsdomensl.com\\\/ca\\\/\",\"logo\":{\"@type\":\"ImageObject\",\"inLanguage\":\"ca\",\"@id\":\"https:\\\/\\\/retolsdomensl.com\\\/ca\\\/#\\\/schema\\\/logo\\\/image\\\/\",\"url\":\"https:\\\/\\\/retolsdomensl.com\\\/wp-content\\\/uploads\\\/2023\\\/05\\\/logo-retols-domen-footer.png\",\"contentUrl\":\"https:\\\/\\\/retolsdomensl.com\\\/wp-content\\\/uploads\\\/2023\\\/05\\\/logo-retols-domen-footer.png\",\"width\":1250,\"height\":206,\"caption\":\"R\u00e8tols Domen\"},\"image\":{\"@id\":\"https:\\\/\\\/retolsdomensl.com\\\/ca\\\/#\\\/schema\\\/logo\\\/image\\\/\"},\"sameAs\":[\"https:\\\/\\\/retolsdomensl.com\\\/img\\\/instagram-tanto-tiento.png\"]}]}<\/script>\n<!-- \/ Yoast SEO plugin. -->","yoast_head_json":{"title":"Lones - R\u00e8tols Domen","robots":{"index":"index","follow":"follow","max-snippet":"max-snippet:-1","max-image-preview":"max-image-preview:large","max-video-preview":"max-video-preview:-1"},"canonical":"https:\/\/retolsdomensl.com\/ca\/serveis\/lonas\/","og_locale":"ca_ES","og_type":"article","og_title":"Lones - R\u00e8tols Domen","og_url":"https:\/\/retolsdomensl.com\/ca\/serveis\/lonas\/","og_site_name":"R\u00e8tols Domen","article_modified_time":"2023-07-14T10:12:55+00:00","twitter_card":"summary_large_image","twitter_misc":{"Temps estimat de lectura":"6 minuts"},"schema":{"@context":"https:\/\/schema.org","@graph":[{"@type":"WebPage","@id":"https:\/\/retolsdomensl.com\/ca\/serveis\/lonas\/","url":"https:\/\/retolsdomensl.com\/ca\/serveis\/lonas\/","name":"Lones - R\u00e8tols Domen","isPartOf":{"@id":"https:\/\/retolsdomensl.com\/ca\/#website"},"datePublished":"2023-06-02T09:12:09+00:00","dateModified":"2023-07-14T10:12:55+00:00","breadcrumb":{"@id":"https:\/\/retolsdomensl.com\/ca\/serveis\/lonas\/#breadcrumb"},"inLanguage":"ca","potentialAction":[{"@type":"ReadAction","target":["https:\/\/retolsdomensl.com\/ca\/serveis\/lonas\/"]}]},{"@type":"BreadcrumbList","@id":"https:\/\/retolsdomensl.com\/ca\/serveis\/lonas\/#breadcrumb","itemListElement":[{"@type":"ListItem","position":1,"name":"Portada","item":"https:\/\/retolsdomensl.com\/ca\/home\/"},{"@type":"ListItem","position":2,"name":"Serveis","item":"https:\/\/retolsdomensl.com\/ca\/serveis\/"},{"@type":"ListItem","position":3,"name":"Lones"}]},{"@type":"WebSite","@id":"https:\/\/retolsdomensl.com\/ca\/#website","url":"https:\/\/retolsdomensl.com\/ca\/","name":"R\u00e8tols Domen","description":"R\u00f3tulos, vinilos, veh\u00edculos, lonas,, elementos publicitarios, equipamiento comercial, l\u00e1minas de control solar para edificios.","publisher":{"@id":"https:\/\/retolsdomensl.com\/ca\/#organization"},"potentialAction":[{"@type":"SearchAction","target":{"@type":"EntryPoint","urlTemplate":"https:\/\/retolsdomensl.com\/ca\/?s={search_term_string}"},"query-input":{"@type":"PropertyValueSpecification","valueRequired":true,"valueName":"search_term_string"}}],"inLanguage":"ca"},{"@type":"Organization","@id":"https:\/\/retolsdomensl.com\/ca\/#organization","name":"R\u00e8tols Domen","url":"https:\/\/retolsdomensl.com\/ca\/","logo":{"@type":"ImageObject","inLanguage":"ca","@id":"https:\/\/retolsdomensl.com\/ca\/#\/schema\/logo\/image\/","url":"https:\/\/retolsdomensl.com\/wp-content\/uploads\/2023\/05\/logo-retols-domen-footer.png","contentUrl":"https:\/\/retolsdomensl.com\/wp-content\/uploads\/2023\/05\/logo-retols-domen-footer.png","width":1250,"height":206,"caption":"R\u00e8tols Domen"},"image":{"@id":"https:\/\/retolsdomensl.com\/ca\/#\/schema\/logo\/image\/"},"sameAs":["https:\/\/retolsdomensl.com\/img\/instagram-tanto-tiento.png"]}]}},"_links":{"self":[{"href":"https:\/\/retolsdomensl.com\/ca\/wp-json\/wp\/v2\/pages\/551","targetHints":{"allow":["GET"]}}],"collection":[{"href":"https:\/\/retolsdomensl.com\/ca\/wp-json\/wp\/v2\/pages"}],"about":[{"href":"https:\/\/retolsdomensl.com\/ca\/wp-json\/wp\/v2\/types\/page"}],"author":[{"embeddable":true,"href":"https:\/\/retolsdomensl.com\/ca\/wp-json\/wp\/v2\/users\/1"}],"replies":[{"embeddable":true,"href":"https:\/\/retolsdomensl.com\/ca\/wp-json\/wp\/v2\/comments?post=551"}],"version-history":[{"count":9,"href":"https:\/\/retolsdomensl.com\/ca\/wp-json\/wp\/v2\/pages\/551\/revisions"}],"predecessor-version":[{"id":693,"href":"https:\/\/retolsdomensl.com\/ca\/wp-json\/wp\/v2\/pages\/551\/revisions\/693"}],"up":[{"embeddable":true,"href":"https:\/\/retolsdomensl.com\/ca\/wp-json\/wp\/v2\/pages\/553"}],"wp:attachment":[{"href":"https:\/\/retolsdomensl.com\/ca\/wp-json\/wp\/v2\/media?parent=551"}],"curies":[{"name":"wp","href":"https:\/\/api.w.org\/{rel}","templated":true}]}}