{"id":549,"date":"2023-06-02T09:09:53","date_gmt":"2023-06-02T09:09:53","guid":{"rendered":"https:\/\/retols.h2ocomunicacio.com\/?page_id=549"},"modified":"2023-07-14T09:49:29","modified_gmt":"2023-07-14T09:49:29","slug":"vehiculos","status":"publish","type":"page","link":"https:\/\/retolsdomensl.com\/ca\/serveis\/vehiculos\/","title":{"rendered":"Vehicles"},"content":{"rendered":"<div  class='flex_column av-9nyl7-4b3ee6ee898be10e325b5feab1ffae2e av_one_full  avia-builder-el-0  el_before_av_one_fourth  avia-builder-el-first  first flex_column_div  '     ><section  class='av_textblock_section av-9eidz-cd1b74584ca962652a0c13d3ea44c46a '   itemscope=\"itemscope\" itemtype=\"https:\/\/schema.org\/CreativeWork\" ><div class='avia_textblock'  itemprop=\"text\" ><h1 style=\"text-align: center;\">VEHICLES<\/h1>\n<h3 style=\"text-align: center;\">Retolaci\u00f3 de vehicles d&#8217;empresa<\/h3>\n<\/div><\/section><br \/>\n\n<style type=\"text\/css\" data-created_by=\"avia_inline_auto\" id=\"style-css-av-8h3dn-af094841271ac9ab05de02ac4d267545\">\n#top .hr.hr-invisible.av-8h3dn-af094841271ac9ab05de02ac4d267545{\nheight:30px;\n}\n<\/style>\n<div  class='hr av-8h3dn-af094841271ac9ab05de02ac4d267545 hr-invisible  avia-builder-el-2  el_after_av_textblock  el_before_av_textblock '><span class='hr-inner '><span class=\"hr-inner-style\"><\/span><\/span><\/div><br \/>\n<section  class='av_textblock_section av-84etj-e4c7eaa132801ec54479192683913fd5 '   itemscope=\"itemscope\" itemtype=\"https:\/\/schema.org\/CreativeWork\" ><div class='avia_textblock'  itemprop=\"text\" ><p style=\"text-align: center;\">En R\u00e8tols Domen fem la retolaci\u00f3 dels teus vehicles comercials per a empresa. Tenim un estil elegant combinat amb la teva imatge corporativa donarem de ple al clau.<\/p>\n<\/div><\/section><\/p><\/div>\n<div class='flex_column_table av-7q3mb-2e5b8d61345a64654a199b914b4a075d sc-av_one_fourth av-equal-height-column-flextable'>\n<style type=\"text\/css\" data-created_by=\"avia_inline_auto\" id=\"style-css-av-7q3mb-2e5b8d61345a64654a199b914b4a075d\">\n.flex_column.av-7q3mb-2e5b8d61345a64654a199b914b4a075d{\npadding:0 20px 0 0;\n}\n<\/style>\n<div  class='flex_column av-7q3mb-2e5b8d61345a64654a199b914b4a075d av_one_fourth  avia-builder-el-4  el_after_av_one_full  el_before_av_one_fourth  first no_margin flex_column_table_cell av-equal-height-column av-align-top  column-top-margin'     ><p>\n<style type=\"text\/css\" data-created_by=\"avia_inline_auto\" id=\"style-css-av-6m6i7-b36d3a134bf99e9435c2f8e58e6a20ac\">\n.avia-image-container.av-6m6i7-b36d3a134bf99e9435c2f8e58e6a20ac img.avia_image{\nbox-shadow:none;\n}\n.avia-image-container.av-6m6i7-b36d3a134bf99e9435c2f8e58e6a20ac .av-image-caption-overlay-center{\ncolor:#ffffff;\n}\n<\/style>\n<div  class='avia-image-container av-6m6i7-b36d3a134bf99e9435c2f8e58e6a20ac av-styling- avia-align-center  avia-builder-el-5  el_before_av_textblock  avia-builder-el-first '   itemprop=\"image\" itemscope=\"itemscope\" itemtype=\"https:\/\/schema.org\/ImageObject\" ><div class=\"avia-image-container-inner\"><div class=\"avia-image-overlay-wrap\"><img decoding=\"async\" fetchpriority=\"high\" class='wp-image-279 avia-img-lazy-loading-not-279 avia_image ' src=\"https:\/\/retolsdomensl.com\/wp-content\/uploads\/2023\/06\/carro-300x300.jpg\" alt='' title='carro'  height=\"300\" width=\"300\"  itemprop=\"thumbnailUrl\" srcset=\"https:\/\/retolsdomensl.com\/wp-content\/uploads\/2023\/06\/carro-300x300.jpg 300w, https:\/\/retolsdomensl.com\/wp-content\/uploads\/2023\/06\/carro-80x80.jpg 80w, https:\/\/retolsdomensl.com\/wp-content\/uploads\/2023\/06\/carro-768x768.jpg 768w, https:\/\/retolsdomensl.com\/wp-content\/uploads\/2023\/06\/carro-36x36.jpg 36w, https:\/\/retolsdomensl.com\/wp-content\/uploads\/2023\/06\/carro-180x180.jpg 180w, https:\/\/retolsdomensl.com\/wp-content\/uploads\/2023\/06\/carro-705x705.jpg 705w, https:\/\/retolsdomensl.com\/wp-content\/uploads\/2023\/06\/carro.jpg 800w\" sizes=\"(max-width: 300px) 100vw, 300px\" \/><\/div><\/div><\/div><br \/>\n<section  class='av_textblock_section av-68rmv-11df9e2d7755c38213d81b733dd55678 '   itemscope=\"itemscope\" itemtype=\"https:\/\/schema.org\/CreativeWork\" ><div class='avia_textblock'  itemprop=\"text\" ><h5 style=\"text-align: center;\">Cami\u00f3 d&#8217;Empresa Retolat<\/h5>\n<\/div><\/section><\/p><\/div>\n<style type=\"text\/css\" data-created_by=\"avia_inline_auto\" id=\"style-css-av-2878j-d5691f2b215c971dee1ae34d9a70f56f\">\n.flex_column.av-2878j-d5691f2b215c971dee1ae34d9a70f56f{\npadding:0 20px 0 0;\n}\n<\/style>\n<div  class='flex_column av-2878j-d5691f2b215c971dee1ae34d9a70f56f av_one_fourth  avia-builder-el-7  el_after_av_one_fourth  el_before_av_one_fourth  no_margin flex_column_table_cell av-equal-height-column av-align-top  column-top-margin'     ><p>\n<style type=\"text\/css\" data-created_by=\"avia_inline_auto\" id=\"style-css-av-1j4gj-86282061dc8148ab72788e8c851f537e\">\n.avia-image-container.av-1j4gj-86282061dc8148ab72788e8c851f537e img.avia_image{\nbox-shadow:none;\n}\n.avia-image-container.av-1j4gj-86282061dc8148ab72788e8c851f537e .av-image-caption-overlay-center{\ncolor:#ffffff;\n}\n<\/style>\n<div  class='avia-image-container av-1j4gj-86282061dc8148ab72788e8c851f537e av-styling- avia-align-center  avia-builder-el-8  el_before_av_textblock  avia-builder-el-first '   itemprop=\"image\" itemscope=\"itemscope\" itemtype=\"https:\/\/schema.org\/ImageObject\" ><div class=\"avia-image-container-inner\"><div class=\"avia-image-overlay-wrap\"><img decoding=\"async\" fetchpriority=\"high\" class='wp-image-281 avia-img-lazy-loading-not-281 avia_image ' src=\"https:\/\/retolsdomensl.com\/wp-content\/uploads\/2023\/06\/carrito-300x300.jpg\" alt='' title='carrito'  height=\"300\" width=\"300\"  itemprop=\"thumbnailUrl\" srcset=\"https:\/\/retolsdomensl.com\/wp-content\/uploads\/2023\/06\/carrito-300x300.jpg 300w, https:\/\/retolsdomensl.com\/wp-content\/uploads\/2023\/06\/carrito-80x80.jpg 80w, https:\/\/retolsdomensl.com\/wp-content\/uploads\/2023\/06\/carrito-768x768.jpg 768w, https:\/\/retolsdomensl.com\/wp-content\/uploads\/2023\/06\/carrito-36x36.jpg 36w, https:\/\/retolsdomensl.com\/wp-content\/uploads\/2023\/06\/carrito-180x180.jpg 180w, https:\/\/retolsdomensl.com\/wp-content\/uploads\/2023\/06\/carrito-705x705.jpg 705w, https:\/\/retolsdomensl.com\/wp-content\/uploads\/2023\/06\/carrito.jpg 800w\" sizes=\"(max-width: 300px) 100vw, 300px\" \/><\/div><\/div><\/div><br \/>\n<section  class='av_textblock_section av-ucen-b054d1fdfdc608cd4b84b6796e5ffea0 '   itemscope=\"itemscope\" itemtype=\"https:\/\/schema.org\/CreativeWork\" ><div class='avia_textblock'  itemprop=\"text\" ><h5 style=\"text-align: center;\">Furgoneta d&#8217;Empresa Retolada<\/h5>\n<\/div><\/section><\/p><\/div>\n<style type=\"text\/css\" data-created_by=\"avia_inline_auto\" id=\"style-css-av-2ww7b-ba600ebc7b21a4e9775654363cb9077c\">\n.flex_column.av-2ww7b-ba600ebc7b21a4e9775654363cb9077c{\npadding:0 20px 0 0;\n}\n<\/style>\n<div  class='flex_column av-2ww7b-ba600ebc7b21a4e9775654363cb9077c av_one_fourth  avia-builder-el-10  el_after_av_one_fourth  el_before_av_one_fourth  no_margin flex_column_table_cell av-equal-height-column av-align-top  column-top-margin'     ><p>\n<style type=\"text\/css\" data-created_by=\"avia_inline_auto\" id=\"style-css-av-lje73ls0-c9e0534b795a04fa05adac1210652ad4\">\n.avia-image-container.av-lje73ls0-c9e0534b795a04fa05adac1210652ad4 img.avia_image{\nbox-shadow:none;\n}\n.avia-image-container.av-lje73ls0-c9e0534b795a04fa05adac1210652ad4 .av-image-caption-overlay-center{\ncolor:#ffffff;\n}\n<\/style>\n<div  class='avia-image-container av-lje73ls0-c9e0534b795a04fa05adac1210652ad4 av-styling- avia-align-center  avia-builder-el-11  el_before_av_textblock  avia-builder-el-first '   itemprop=\"image\" itemscope=\"itemscope\" itemtype=\"https:\/\/schema.org\/ImageObject\" ><div class=\"avia-image-container-inner\"><div class=\"avia-image-overlay-wrap\"><img decoding=\"async\" fetchpriority=\"high\" class='wp-image-283 avia-img-lazy-loading-not-283 avia_image ' src=\"https:\/\/retolsdomensl.com\/wp-content\/uploads\/2023\/06\/carruaje-300x300.jpg\" alt='' title='carruaje'  height=\"300\" width=\"300\"  itemprop=\"thumbnailUrl\" srcset=\"https:\/\/retolsdomensl.com\/wp-content\/uploads\/2023\/06\/carruaje-300x300.jpg 300w, https:\/\/retolsdomensl.com\/wp-content\/uploads\/2023\/06\/carruaje-80x80.jpg 80w, https:\/\/retolsdomensl.com\/wp-content\/uploads\/2023\/06\/carruaje-768x768.jpg 768w, https:\/\/retolsdomensl.com\/wp-content\/uploads\/2023\/06\/carruaje-36x36.jpg 36w, https:\/\/retolsdomensl.com\/wp-content\/uploads\/2023\/06\/carruaje-180x180.jpg 180w, https:\/\/retolsdomensl.com\/wp-content\/uploads\/2023\/06\/carruaje-705x705.jpg 705w, https:\/\/retolsdomensl.com\/wp-content\/uploads\/2023\/06\/carruaje.jpg 800w\" sizes=\"(max-width: 300px) 100vw, 300px\" \/><\/div><\/div><\/div><br \/>\n<section  class='av_textblock_section av-lk2ed919-82122d6c4a3b9b02ac32e39af0f7a7ad '   itemscope=\"itemscope\" itemtype=\"https:\/\/schema.org\/CreativeWork\" ><div class='avia_textblock'  itemprop=\"text\" ><h5 style=\"text-align: center;\">Furgoneta d&#8217;Empresa Retolada<\/h5>\n<\/div><\/section><\/p><\/div>\n<style type=\"text\/css\" data-created_by=\"avia_inline_auto\" id=\"style-css-av-1rxl7-164ee04c0f8f29f746b07868289777fd\">\n.flex_column.av-1rxl7-164ee04c0f8f29f746b07868289777fd{\npadding:0 20px 0 0;\n}\n<\/style>\n<div  class='flex_column av-1rxl7-164ee04c0f8f29f746b07868289777fd av_one_fourth  avia-builder-el-13  el_after_av_one_fourth  avia-builder-el-last  no_margin flex_column_table_cell av-equal-height-column av-align-top  column-top-margin'     ><p>\n<style type=\"text\/css\" data-created_by=\"avia_inline_auto\" id=\"style-css-av-lje74b5u-2bf858efa9d958040d4abdebe6a5160a\">\n.avia-image-container.av-lje74b5u-2bf858efa9d958040d4abdebe6a5160a img.avia_image{\nbox-shadow:none;\n}\n.avia-image-container.av-lje74b5u-2bf858efa9d958040d4abdebe6a5160a .av-image-caption-overlay-center{\ncolor:#ffffff;\n}\n<\/style>\n<div  class='avia-image-container av-lje74b5u-2bf858efa9d958040d4abdebe6a5160a av-styling- avia-align-center  avia-builder-el-14  el_before_av_textblock  avia-builder-el-first '   itemprop=\"image\" itemscope=\"itemscope\" itemtype=\"https:\/\/schema.org\/ImageObject\" ><div class=\"avia-image-container-inner\"><div class=\"avia-image-overlay-wrap\"><img decoding=\"async\" fetchpriority=\"high\" class='wp-image-285 avia-img-lazy-loading-not-285 avia_image ' src=\"https:\/\/retolsdomensl.com\/wp-content\/uploads\/2023\/06\/carromato-300x300.jpg\" alt='' title='carromato'  height=\"300\" width=\"300\"  itemprop=\"thumbnailUrl\" srcset=\"https:\/\/retolsdomensl.com\/wp-content\/uploads\/2023\/06\/carromato-300x300.jpg 300w, https:\/\/retolsdomensl.com\/wp-content\/uploads\/2023\/06\/carromato-80x80.jpg 80w, https:\/\/retolsdomensl.com\/wp-content\/uploads\/2023\/06\/carromato-768x768.jpg 768w, https:\/\/retolsdomensl.com\/wp-content\/uploads\/2023\/06\/carromato-36x36.jpg 36w, https:\/\/retolsdomensl.com\/wp-content\/uploads\/2023\/06\/carromato-180x180.jpg 180w, https:\/\/retolsdomensl.com\/wp-content\/uploads\/2023\/06\/carromato-705x705.jpg 705w, https:\/\/retolsdomensl.com\/wp-content\/uploads\/2023\/06\/carromato.jpg 800w\" sizes=\"(max-width: 300px) 100vw, 300px\" \/><\/div><\/div><\/div><br \/>\n<section  class='av_textblock_section av-av_textblock-7a1af7d8f9790576b1769c0a9f0449ed '   itemscope=\"itemscope\" itemtype=\"https:\/\/schema.org\/CreativeWork\" ><div class='avia_textblock'  itemprop=\"text\" ><h5 style=\"text-align: center;\">Furgoneta d&#8217;Empresa Retolada<\/h5>\n<\/div><\/section><\/p><\/div><\/div><!--close column table wrapper. Autoclose: 1 --><\/p>\n","protected":false},"excerpt":{"rendered":"","protected":false},"author":1,"featured_media":0,"parent":553,"menu_order":0,"comment_status":"closed","ping_status":"closed","template":"","meta":{"footnotes":""},"class_list":["post-549","page","type-page","status-publish","hentry"],"yoast_head":"<!-- This site is optimized with the Yoast SEO plugin v27.4 - https:\/\/yoast.com\/product\/yoast-seo-wordpress\/ -->\n<title>Vehicles - R\u00e8tols Domen<\/title>\n<meta name=\"robots\" content=\"index, follow, max-snippet:-1, max-image-preview:large, max-video-preview:-1\" \/>\n<link rel=\"canonical\" href=\"https:\/\/retolsdomensl.com\/ca\/serveis\/vehiculos\/\" \/>\n<meta property=\"og:locale\" content=\"ca_ES\" \/>\n<meta property=\"og:type\" content=\"article\" \/>\n<meta property=\"og:title\" content=\"Vehicles - R\u00e8tols Domen\" \/>\n<meta property=\"og:url\" content=\"https:\/\/retolsdomensl.com\/ca\/serveis\/vehiculos\/\" \/>\n<meta property=\"og:site_name\" content=\"R\u00e8tols Domen\" \/>\n<meta property=\"article:modified_time\" content=\"2023-07-14T09:49:29+00:00\" \/>\n<meta name=\"twitter:card\" content=\"summary_large_image\" \/>\n<meta name=\"twitter:label1\" content=\"Temps estimat de lectura\" \/>\n\t<meta name=\"twitter:data1\" content=\"6 minuts\" \/>\n<script type=\"application\/ld+json\" class=\"yoast-schema-graph\">{\"@context\":\"https:\\\/\\\/schema.org\",\"@graph\":[{\"@type\":\"WebPage\",\"@id\":\"https:\\\/\\\/retolsdomensl.com\\\/ca\\\/serveis\\\/vehiculos\\\/\",\"url\":\"https:\\\/\\\/retolsdomensl.com\\\/ca\\\/serveis\\\/vehiculos\\\/\",\"name\":\"Vehicles - R\u00e8tols Domen\",\"isPartOf\":{\"@id\":\"https:\\\/\\\/retolsdomensl.com\\\/ca\\\/#website\"},\"datePublished\":\"2023-06-02T09:09:53+00:00\",\"dateModified\":\"2023-07-14T09:49:29+00:00\",\"breadcrumb\":{\"@id\":\"https:\\\/\\\/retolsdomensl.com\\\/ca\\\/serveis\\\/vehiculos\\\/#breadcrumb\"},\"inLanguage\":\"ca\",\"potentialAction\":[{\"@type\":\"ReadAction\",\"target\":[\"https:\\\/\\\/retolsdomensl.com\\\/ca\\\/serveis\\\/vehiculos\\\/\"]}]},{\"@type\":\"BreadcrumbList\",\"@id\":\"https:\\\/\\\/retolsdomensl.com\\\/ca\\\/serveis\\\/vehiculos\\\/#breadcrumb\",\"itemListElement\":[{\"@type\":\"ListItem\",\"position\":1,\"name\":\"Portada\",\"item\":\"https:\\\/\\\/retolsdomensl.com\\\/ca\\\/home\\\/\"},{\"@type\":\"ListItem\",\"position\":2,\"name\":\"Serveis\",\"item\":\"https:\\\/\\\/retolsdomensl.com\\\/ca\\\/serveis\\\/\"},{\"@type\":\"ListItem\",\"position\":3,\"name\":\"Vehicles\"}]},{\"@type\":\"WebSite\",\"@id\":\"https:\\\/\\\/retolsdomensl.com\\\/ca\\\/#website\",\"url\":\"https:\\\/\\\/retolsdomensl.com\\\/ca\\\/\",\"name\":\"R\u00e8tols Domen\",\"description\":\"R\u00f3tulos, vinilos, veh\u00edculos, lonas,, elementos publicitarios, equipamiento comercial, l\u00e1minas de control solar para edificios.\",\"publisher\":{\"@id\":\"https:\\\/\\\/retolsdomensl.com\\\/ca\\\/#organization\"},\"potentialAction\":[{\"@type\":\"SearchAction\",\"target\":{\"@type\":\"EntryPoint\",\"urlTemplate\":\"https:\\\/\\\/retolsdomensl.com\\\/ca\\\/?s={search_term_string}\"},\"query-input\":{\"@type\":\"PropertyValueSpecification\",\"valueRequired\":true,\"valueName\":\"search_term_string\"}}],\"inLanguage\":\"ca\"},{\"@type\":\"Organization\",\"@id\":\"https:\\\/\\\/retolsdomensl.com\\\/ca\\\/#organization\",\"name\":\"R\u00e8tols Domen\",\"url\":\"https:\\\/\\\/retolsdomensl.com\\\/ca\\\/\",\"logo\":{\"@type\":\"ImageObject\",\"inLanguage\":\"ca\",\"@id\":\"https:\\\/\\\/retolsdomensl.com\\\/ca\\\/#\\\/schema\\\/logo\\\/image\\\/\",\"url\":\"https:\\\/\\\/retolsdomensl.com\\\/wp-content\\\/uploads\\\/2023\\\/05\\\/logo-retols-domen-footer.png\",\"contentUrl\":\"https:\\\/\\\/retolsdomensl.com\\\/wp-content\\\/uploads\\\/2023\\\/05\\\/logo-retols-domen-footer.png\",\"width\":1250,\"height\":206,\"caption\":\"R\u00e8tols Domen\"},\"image\":{\"@id\":\"https:\\\/\\\/retolsdomensl.com\\\/ca\\\/#\\\/schema\\\/logo\\\/image\\\/\"},\"sameAs\":[\"https:\\\/\\\/retolsdomensl.com\\\/img\\\/instagram-tanto-tiento.png\"]}]}<\/script>\n<!-- \/ Yoast SEO plugin. -->","yoast_head_json":{"title":"Vehicles - R\u00e8tols Domen","robots":{"index":"index","follow":"follow","max-snippet":"max-snippet:-1","max-image-preview":"max-image-preview:large","max-video-preview":"max-video-preview:-1"},"canonical":"https:\/\/retolsdomensl.com\/ca\/serveis\/vehiculos\/","og_locale":"ca_ES","og_type":"article","og_title":"Vehicles - R\u00e8tols Domen","og_url":"https:\/\/retolsdomensl.com\/ca\/serveis\/vehiculos\/","og_site_name":"R\u00e8tols Domen","article_modified_time":"2023-07-14T09:49:29+00:00","twitter_card":"summary_large_image","twitter_misc":{"Temps estimat de lectura":"6 minuts"},"schema":{"@context":"https:\/\/schema.org","@graph":[{"@type":"WebPage","@id":"https:\/\/retolsdomensl.com\/ca\/serveis\/vehiculos\/","url":"https:\/\/retolsdomensl.com\/ca\/serveis\/vehiculos\/","name":"Vehicles - R\u00e8tols Domen","isPartOf":{"@id":"https:\/\/retolsdomensl.com\/ca\/#website"},"datePublished":"2023-06-02T09:09:53+00:00","dateModified":"2023-07-14T09:49:29+00:00","breadcrumb":{"@id":"https:\/\/retolsdomensl.com\/ca\/serveis\/vehiculos\/#breadcrumb"},"inLanguage":"ca","potentialAction":[{"@type":"ReadAction","target":["https:\/\/retolsdomensl.com\/ca\/serveis\/vehiculos\/"]}]},{"@type":"BreadcrumbList","@id":"https:\/\/retolsdomensl.com\/ca\/serveis\/vehiculos\/#breadcrumb","itemListElement":[{"@type":"ListItem","position":1,"name":"Portada","item":"https:\/\/retolsdomensl.com\/ca\/home\/"},{"@type":"ListItem","position":2,"name":"Serveis","item":"https:\/\/retolsdomensl.com\/ca\/serveis\/"},{"@type":"ListItem","position":3,"name":"Vehicles"}]},{"@type":"WebSite","@id":"https:\/\/retolsdomensl.com\/ca\/#website","url":"https:\/\/retolsdomensl.com\/ca\/","name":"R\u00e8tols Domen","description":"R\u00f3tulos, vinilos, veh\u00edculos, lonas,, elementos publicitarios, equipamiento comercial, l\u00e1minas de control solar para edificios.","publisher":{"@id":"https:\/\/retolsdomensl.com\/ca\/#organization"},"potentialAction":[{"@type":"SearchAction","target":{"@type":"EntryPoint","urlTemplate":"https:\/\/retolsdomensl.com\/ca\/?s={search_term_string}"},"query-input":{"@type":"PropertyValueSpecification","valueRequired":true,"valueName":"search_term_string"}}],"inLanguage":"ca"},{"@type":"Organization","@id":"https:\/\/retolsdomensl.com\/ca\/#organization","name":"R\u00e8tols Domen","url":"https:\/\/retolsdomensl.com\/ca\/","logo":{"@type":"ImageObject","inLanguage":"ca","@id":"https:\/\/retolsdomensl.com\/ca\/#\/schema\/logo\/image\/","url":"https:\/\/retolsdomensl.com\/wp-content\/uploads\/2023\/05\/logo-retols-domen-footer.png","contentUrl":"https:\/\/retolsdomensl.com\/wp-content\/uploads\/2023\/05\/logo-retols-domen-footer.png","width":1250,"height":206,"caption":"R\u00e8tols Domen"},"image":{"@id":"https:\/\/retolsdomensl.com\/ca\/#\/schema\/logo\/image\/"},"sameAs":["https:\/\/retolsdomensl.com\/img\/instagram-tanto-tiento.png"]}]}},"_links":{"self":[{"href":"https:\/\/retolsdomensl.com\/ca\/wp-json\/wp\/v2\/pages\/549","targetHints":{"allow":["GET"]}}],"collection":[{"href":"https:\/\/retolsdomensl.com\/ca\/wp-json\/wp\/v2\/pages"}],"about":[{"href":"https:\/\/retolsdomensl.com\/ca\/wp-json\/wp\/v2\/types\/page"}],"author":[{"embeddable":true,"href":"https:\/\/retolsdomensl.com\/ca\/wp-json\/wp\/v2\/users\/1"}],"replies":[{"embeddable":true,"href":"https:\/\/retolsdomensl.com\/ca\/wp-json\/wp\/v2\/comments?post=549"}],"version-history":[{"count":10,"href":"https:\/\/retolsdomensl.com\/ca\/wp-json\/wp\/v2\/pages\/549\/revisions"}],"predecessor-version":[{"id":689,"href":"https:\/\/retolsdomensl.com\/ca\/wp-json\/wp\/v2\/pages\/549\/revisions\/689"}],"up":[{"embeddable":true,"href":"https:\/\/retolsdomensl.com\/ca\/wp-json\/wp\/v2\/pages\/553"}],"wp:attachment":[{"href":"https:\/\/retolsdomensl.com\/ca\/wp-json\/wp\/v2\/media?parent=549"}],"curies":[{"name":"wp","href":"https:\/\/api.w.org\/{rel}","templated":true}]}}